{"id":17,"date":"2025-09-11T12:24:31","date_gmt":"2025-09-11T17:24:31","guid":{"rendered":"https:\/\/stage.monkey.pe\/printware\/?page_id=17"},"modified":"2025-10-21T12:21:43","modified_gmt":"2025-10-21T17:21:43","slug":"politica-de-privacidad","status":"publish","type":"page","link":"https:\/\/printware.com.pe\/tienda\/politica-de-privacidad\/","title":{"rendered":"Pol\u00edtica de privacidad"},"content":{"rendered":"\t\t<div data-elementor-type=\"wp-page\" data-elementor-id=\"17\" class=\"elementor elementor-17\" data-elementor-post-type=\"page\">\n\t\t\t\t<div class=\"wd-negative-gap elementor-element elementor-element-23c42b60 e-flex e-con-boxed e-con e-parent\" data-id=\"23c42b60\" data-element_type=\"container\">\n\t\t\t\t\t<div class=\"e-con-inner\">\n\t\t\t\t<div class=\"elementor-element elementor-element-19d15adf color-scheme-inherit text-left elementor-widget elementor-widget-text-editor\" data-id=\"19d15adf\" data-element_type=\"widget\" data-widget_type=\"text-editor.default\">\n\t\t\t\t\t\t\t\t\t\n<h2>Pol\u00edtica de privacidad y tratamiento de la informaci\u00f3n<\/h2>\n\n<p>La presente pol\u00edtica de privacidad (la \u201cPol\u00edtica\u201d) tiene por finalidad informarle la manera en que PRINTWARE S.A.C, con R.U.C. N\u00b020603544014, con domicilio en Av. Primavera 2070 \u2013 Santiago de Surco. Lima, Per\u00fa, conjuntamente con las empresas que conforman su Grupo Econ\u00f3mico (Grupo Food Pack), tratan la informaci\u00f3n y datos personales de sus clientes que recopilan a trav\u00e9s de canales, plataformas, sitios web, aplicaciones m\u00f3viles, redes sociales, formularios digitales as\u00ed como cualquier medio electr\u00f3nico o digital equivalente (los \u201cSitios Web y las Aplicaciones\u201d).<\/p>\n\n<p>Ninguno de los datos recopilados se comparte a terceras empresas y\/o personas fuera del grupo.<\/p>\n\n<p>La informaci\u00f3n recopilada ser\u00e1 usada \u00fanica y expresamente dentro de los procesos regulares de PRINTWARE S.A.C. con fines publicitarios, comerciales, marketing y\/o afines.<\/p>\n\t\t\t\t\t\t\t\t<\/div>\n\t\t\t\t\t<\/div>\n\t\t\t\t<\/div>\n\t\t\t\t<\/div>\n\t\t","protected":false},"excerpt":{"rendered":"<p>Pol\u00edtica de privacidad y tratamiento de la informaci\u00f3n La presente pol\u00edtica de privacidad (la \u201cPol\u00edtica\u201d) tiene por finalidad informarle la<\/p>\n","protected":false},"author":1,"featured_media":0,"parent":0,"menu_order":0,"comment_status":"closed","ping_status":"closed","template":"","meta":{"footnotes":""},"class_list":["post-17","page","type-page","status-publish","hentry"],"_links":{"self":[{"href":"https:\/\/printware.com.pe\/tienda\/wp-json\/wp\/v2\/pages\/17","targetHints":{"allow":["GET"]}}],"collection":[{"href":"https:\/\/printware.com.pe\/tienda\/wp-json\/wp\/v2\/pages"}],"about":[{"href":"https:\/\/printware.com.pe\/tienda\/wp-json\/wp\/v2\/types\/page"}],"author":[{"embeddable":true,"href":"https:\/\/printware.com.pe\/tienda\/wp-json\/wp\/v2\/users\/1"}],"replies":[{"embeddable":true,"href":"https:\/\/printware.com.pe\/tienda\/wp-json\/wp\/v2\/comments?post=17"}],"version-history":[{"count":5,"href":"https:\/\/printware.com.pe\/tienda\/wp-json\/wp\/v2\/pages\/17\/revisions"}],"predecessor-version":[{"id":30060,"href":"https:\/\/printware.com.pe\/tienda\/wp-json\/wp\/v2\/pages\/17\/revisions\/30060"}],"wp:attachment":[{"href":"https:\/\/printware.com.pe\/tienda\/wp-json\/wp\/v2\/media?parent=17"}],"curies":[{"name":"wp","href":"https:\/\/api.w.org\/{rel}","templated":true}]}}