{"id":29908,"date":"2025-10-09T21:54:32","date_gmt":"2025-10-10T02:54:32","guid":{"rendered":"https:\/\/stage.monkey.pe\/printware\/product\/workforce-pro-wf-c5810\/"},"modified":"2026-01-20T12:27:02","modified_gmt":"2026-01-20T17:27:02","slug":"workforce-pro-wf-c5810","status":"publish","type":"product","link":"https:\/\/printware.com.pe\/tienda\/producto\/workforce-pro-wf-c5810\/","title":{"rendered":"WorkForce Pro WF-C5810"},"content":{"rendered":"<p>Con la tecnolog\u00eda PrecisionCore Heat-Free\u00ae, la impresora multifunci\u00f3n a color WorkForce\u00ae Pro WF-C5810 presenta la pr\u00f3xima generaci\u00f3n de tecnolog\u00eda de impresi\u00f3n de inyecci\u00f3n de tinta. Con el consumo de energ\u00eda m\u00e1s bajo de su clase, la WF-C5810 ofrece una gran productividad, velocidades de impresi\u00f3n de 25 ISO ppm (negro\/color) y una r\u00e1pida salida de la primera p\u00e1gina pr\u00e1cticamente sin tiempo de espera. Esta impresora multifunci\u00f3n incluye un innovador sistema de paquetes de tinta reemplazables para ayudar a minimizar sus intervenciones: puede imprimir hasta 5.000 p\u00e1ginas ISO en color y 10.000 p\u00e1ginas ISO en negro con paquetes de tinta reemplazables. Este equipo no es compatible con software de auditoria de impresion.<\/p>\n","protected":false},"excerpt":{"rendered":"<p>Impresora Multifuncional A4 a Colores para grupos de trabajo de 1 a 10 personas<br \/>\nPrecio referencial en d\u00f3lares: USD $484.38<\/p>\n","protected":false},"featured_media":29242,"template":"","meta":[],"product_brand":[215],"product_cat":[222],"product_tag":[97,101],"class_list":{"0":"post-29908","1":"product","2":"type-product","3":"status-publish","4":"has-post-thumbnail","6":"product_brand-epson","7":"product_cat-a4","8":"product_tag-hogar-color-economica","9":"product_tag-pequeno-color-economica","11":"first","12":"instock","13":"taxable","14":"shipping-taxable","15":"purchasable","16":"product-type-simple"},"_links":{"self":[{"href":"https:\/\/printware.com.pe\/tienda\/wp-json\/wp\/v2\/product\/29908","targetHints":{"allow":["GET"]}}],"collection":[{"href":"https:\/\/printware.com.pe\/tienda\/wp-json\/wp\/v2\/product"}],"about":[{"href":"https:\/\/printware.com.pe\/tienda\/wp-json\/wp\/v2\/types\/product"}],"version-history":[{"count":1,"href":"https:\/\/printware.com.pe\/tienda\/wp-json\/wp\/v2\/product\/29908\/revisions"}],"predecessor-version":[{"id":30194,"href":"https:\/\/printware.com.pe\/tienda\/wp-json\/wp\/v2\/product\/29908\/revisions\/30194"}],"wp:featuredmedia":[{"embeddable":true,"href":"https:\/\/printware.com.pe\/tienda\/wp-json\/wp\/v2\/media\/29242"}],"wp:attachment":[{"href":"https:\/\/printware.com.pe\/tienda\/wp-json\/wp\/v2\/media?parent=29908"}],"wp:term":[{"taxonomy":"product_brand","embeddable":true,"href":"https:\/\/printware.com.pe\/tienda\/wp-json\/wp\/v2\/product_brand?post=29908"},{"taxonomy":"product_cat","embeddable":true,"href":"https:\/\/printware.com.pe\/tienda\/wp-json\/wp\/v2\/product_cat?post=29908"},{"taxonomy":"product_tag","embeddable":true,"href":"https:\/\/printware.com.pe\/tienda\/wp-json\/wp\/v2\/product_tag?post=29908"}],"curies":[{"name":"wp","href":"https:\/\/api.w.org\/{rel}","templated":true}]}}