{"id":29909,"date":"2025-10-09T21:54:32","date_gmt":"2025-10-10T02:54:32","guid":{"rendered":"https:\/\/stage.monkey.pe\/printware\/product\/workforce-pro-wf-m5899\/"},"modified":"2026-01-19T12:55:30","modified_gmt":"2026-01-19T17:55:30","slug":"workforce-pro-wf-m5899","status":"publish","type":"product","link":"https:\/\/printware.com.pe\/tienda\/producto\/workforce-pro-wf-m5899\/","title":{"rendered":"WorkForce Pro WF-M5899"},"content":{"rendered":"<p>Presentamos la WorkForce\u00ae Pro WF-M5899, la impresora multifunci\u00f3n monocrom\u00e1tica para grupos de trabajo ocupados y dise\u00f1ada para brindar confiabilidad. Esta impresora presenta un volumen mensual recomendado de 8.300 p\u00e1ginas; un alimentador autom\u00e1tico de documentos a doble cara de 50 p\u00e1ginas; e impresi\u00f3n, copia, escaneo y env\u00edo de faxes autom\u00e1ticos a dos caras, lo que la convierte en la opci\u00f3n ideal para el mundo empresarial actual. Los paquetes de tinta de repuesto le permiten imprimir hasta 40.000 p\u00e1ginas ISO sin necesidad de intervenir. Con una capacidad de 1.830 hojas con tres bandejas de papel opcionales, una velocidad de impresi\u00f3n de 25 ISO ppm\u2020 en negro y pr\u00e1cticamente sin tiempo de calentamiento, la WF-M5899 ayuda a mantener el negocio en movimiento sin ralentizarlo. Equipada con la avanzada tecnolog\u00eda PrecisionCore \u00ae Heat Free, la WF-M5899 tambi\u00e9n ofrece un bajo consumo de energ\u00eda.<\/p>\n","protected":false},"excerpt":{"rendered":"<p>Impresora Multifuncional A4 Monocrom\u00e1tica para grupos de trabajo de 1 a 10 personas<br \/>\nPrecio referencial en d\u00f3lares: USD $568.49<\/p>\n","protected":false},"featured_media":29246,"template":"","meta":[],"product_brand":[215],"product_cat":[224],"product_tag":[93,103,99],"class_list":{"0":"post-29909","1":"product","2":"type-product","3":"status-publish","4":"has-post-thumbnail","6":"product_brand-epson","7":"product_cat-a4-monocromatica","8":"product_tag-hogar-bn-economica","9":"product_tag-oficina-bn-economica","10":"product_tag-pequeno-bn-economica","12":"first","13":"instock","14":"taxable","15":"shipping-taxable","16":"purchasable","17":"product-type-simple"},"_links":{"self":[{"href":"https:\/\/printware.com.pe\/tienda\/wp-json\/wp\/v2\/product\/29909","targetHints":{"allow":["GET"]}}],"collection":[{"href":"https:\/\/printware.com.pe\/tienda\/wp-json\/wp\/v2\/product"}],"about":[{"href":"https:\/\/printware.com.pe\/tienda\/wp-json\/wp\/v2\/types\/product"}],"version-history":[{"count":1,"href":"https:\/\/printware.com.pe\/tienda\/wp-json\/wp\/v2\/product\/29909\/revisions"}],"predecessor-version":[{"id":30152,"href":"https:\/\/printware.com.pe\/tienda\/wp-json\/wp\/v2\/product\/29909\/revisions\/30152"}],"wp:featuredmedia":[{"embeddable":true,"href":"https:\/\/printware.com.pe\/tienda\/wp-json\/wp\/v2\/media\/29246"}],"wp:attachment":[{"href":"https:\/\/printware.com.pe\/tienda\/wp-json\/wp\/v2\/media?parent=29909"}],"wp:term":[{"taxonomy":"product_brand","embeddable":true,"href":"https:\/\/printware.com.pe\/tienda\/wp-json\/wp\/v2\/product_brand?post=29909"},{"taxonomy":"product_cat","embeddable":true,"href":"https:\/\/printware.com.pe\/tienda\/wp-json\/wp\/v2\/product_cat?post=29909"},{"taxonomy":"product_tag","embeddable":true,"href":"https:\/\/printware.com.pe\/tienda\/wp-json\/wp\/v2\/product_tag?post=29909"}],"curies":[{"name":"wp","href":"https:\/\/api.w.org\/{rel}","templated":true}]}}