{"id":29910,"date":"2025-10-09T21:54:33","date_gmt":"2025-10-10T02:54:33","guid":{"rendered":"https:\/\/stage.monkey.pe\/printware\/product\/workforce-pro-em-c800\/"},"modified":"2026-02-17T11:54:21","modified_gmt":"2026-02-17T16:54:21","slug":"workforce-pro-em-c800","status":"publish","type":"product","link":"https:\/\/printware.com.pe\/tienda\/producto\/workforce-pro-em-c800\/","title":{"rendered":"WorkForce Pro EM-C800"},"content":{"rendered":"<p>La impresora multifuncional WorkForce\u00ae Pro EM-C800 ofrece una productividad incre\u00edble, con velocidad de impresi\u00f3n hasta 25\/25 ppm ISO\u2020 (negro\/color), un alimentador autom\u00e1tico de documentos de 50 p\u00e1ginas e impresi\u00f3n d\u00faplex autom\u00e1tica, copia, escaneo d\u00faplex, escaneo a correo electr\u00f3nico y m\u00e1s. Con la revolucionar\u00eda Tecnolog\u00eda PrecisionCore: Exclusiva e innovadora tecnolog\u00eda de impresi\u00f3n sin calor. Lo que proporciona productividad, confiabilidad y beneficios medioambientales.Soporta tintas de bajo y alto rendimiento.<\/p>\n","protected":false},"excerpt":{"rendered":"<p>Impresora Multifuncional A4 a Colores para grupos de trabajo de 1 a 15 personas<br \/>\nPrecio referencial en d\u00f3lares: USD $692.46<\/p>\n","protected":false},"featured_media":29250,"template":"","meta":[],"product_brand":[215],"product_cat":[222],"product_tag":[107],"class_list":{"0":"post-29910","1":"product","2":"type-product","3":"status-publish","4":"has-post-thumbnail","6":"product_brand-epson","7":"product_cat-a4","8":"product_tag-oficina-color-a4-economico","10":"first","11":"instock","12":"taxable","13":"shipping-taxable","14":"purchasable","15":"product-type-simple"},"_links":{"self":[{"href":"https:\/\/printware.com.pe\/tienda\/wp-json\/wp\/v2\/product\/29910","targetHints":{"allow":["GET"]}}],"collection":[{"href":"https:\/\/printware.com.pe\/tienda\/wp-json\/wp\/v2\/product"}],"about":[{"href":"https:\/\/printware.com.pe\/tienda\/wp-json\/wp\/v2\/types\/product"}],"version-history":[{"count":1,"href":"https:\/\/printware.com.pe\/tienda\/wp-json\/wp\/v2\/product\/29910\/revisions"}],"predecessor-version":[{"id":30192,"href":"https:\/\/printware.com.pe\/tienda\/wp-json\/wp\/v2\/product\/29910\/revisions\/30192"}],"wp:featuredmedia":[{"embeddable":true,"href":"https:\/\/printware.com.pe\/tienda\/wp-json\/wp\/v2\/media\/29250"}],"wp:attachment":[{"href":"https:\/\/printware.com.pe\/tienda\/wp-json\/wp\/v2\/media?parent=29910"}],"wp:term":[{"taxonomy":"product_brand","embeddable":true,"href":"https:\/\/printware.com.pe\/tienda\/wp-json\/wp\/v2\/product_brand?post=29910"},{"taxonomy":"product_cat","embeddable":true,"href":"https:\/\/printware.com.pe\/tienda\/wp-json\/wp\/v2\/product_cat?post=29910"},{"taxonomy":"product_tag","embeddable":true,"href":"https:\/\/printware.com.pe\/tienda\/wp-json\/wp\/v2\/product_tag?post=29910"}],"curies":[{"name":"wp","href":"https:\/\/api.w.org\/{rel}","templated":true}]}}