{"id":29911,"date":"2025-10-09T21:54:33","date_gmt":"2025-10-10T02:54:33","guid":{"rendered":"https:\/\/stage.monkey.pe\/printware\/product\/workforce-pro-wf-c5891\/"},"modified":"2025-11-14T15:17:37","modified_gmt":"2025-11-14T20:17:37","slug":"workforce-pro-wf-c5891","status":"publish","type":"product","link":"https:\/\/printware.com.pe\/tienda\/producto\/workforce-pro-wf-c5891\/","title":{"rendered":"WorkForce Pro WF-C5891"},"content":{"rendered":"<p>Compacta multifuncional a color dise\u00f1ada para alta productividad, Con la tecnolog\u00eda PrecisionCore sin calor, la impresora multifunci\u00f3n a color WorkForce\u00ae Pro WF-C5891 ofrece una productividad empresarial potente con velocidad de impresi\u00f3n 25 ppm ISO (negro\/color). Cuenta con bolsas de tinta de alta capacidad que imprime 10.000 p\u00e1ginas ISO en negro \/ 5.000 p\u00e1ginas ISO en color lo que m\u00e1xima el tiempo de operaci\u00f3n de su equipo. Cuenta con una pantalla t\u00e1ctil de facilita la operaci\u00f3n del equipo, adem\u00e1s de alimentador autom\u00e1tico de documentos d\u00faplex de 50 p\u00e1ginas. Incluye cama plana para documentos de hasta 21,6 cm x 35,6 cm y <strong>escanea ambas caras de la hoja en una sola pasada.<\/strong><\/p>\n","protected":false},"excerpt":{"rendered":"<p>Impresora Multifuncional A4 a Colores para grupos de trabajo de 1 a 10 personas<br \/>\nPrecio referencial en d\u00f3lares: USD $598.80<\/p>\n","protected":false},"featured_media":29254,"template":"","meta":[],"product_brand":[215],"product_cat":[222],"product_tag":[107,101],"class_list":{"0":"post-29911","1":"product","2":"type-product","3":"status-publish","4":"has-post-thumbnail","6":"product_brand-epson","7":"product_cat-a4","8":"product_tag-oficina-color-a4-economico","9":"product_tag-pequeno-color-economica","11":"first","12":"instock","13":"taxable","14":"shipping-taxable","15":"purchasable","16":"product-type-simple"},"_links":{"self":[{"href":"https:\/\/printware.com.pe\/tienda\/wp-json\/wp\/v2\/product\/29911","targetHints":{"allow":["GET"]}}],"collection":[{"href":"https:\/\/printware.com.pe\/tienda\/wp-json\/wp\/v2\/product"}],"about":[{"href":"https:\/\/printware.com.pe\/tienda\/wp-json\/wp\/v2\/types\/product"}],"version-history":[{"count":2,"href":"https:\/\/printware.com.pe\/tienda\/wp-json\/wp\/v2\/product\/29911\/revisions"}],"predecessor-version":[{"id":30285,"href":"https:\/\/printware.com.pe\/tienda\/wp-json\/wp\/v2\/product\/29911\/revisions\/30285"}],"wp:featuredmedia":[{"embeddable":true,"href":"https:\/\/printware.com.pe\/tienda\/wp-json\/wp\/v2\/media\/29254"}],"wp:attachment":[{"href":"https:\/\/printware.com.pe\/tienda\/wp-json\/wp\/v2\/media?parent=29911"}],"wp:term":[{"taxonomy":"product_brand","embeddable":true,"href":"https:\/\/printware.com.pe\/tienda\/wp-json\/wp\/v2\/product_brand?post=29911"},{"taxonomy":"product_cat","embeddable":true,"href":"https:\/\/printware.com.pe\/tienda\/wp-json\/wp\/v2\/product_cat?post=29911"},{"taxonomy":"product_tag","embeddable":true,"href":"https:\/\/printware.com.pe\/tienda\/wp-json\/wp\/v2\/product_tag?post=29911"}],"curies":[{"name":"wp","href":"https:\/\/api.w.org\/{rel}","templated":true}]}}