{"id":29912,"date":"2025-10-09T21:54:34","date_gmt":"2025-10-10T02:54:34","guid":{"rendered":"https:\/\/stage.monkey.pe\/printware\/product\/workforce-pro-em-c8100\/"},"modified":"2026-02-04T09:28:36","modified_gmt":"2026-02-04T14:28:36","slug":"workforce-pro-em-c8100","status":"publish","type":"product","link":"https:\/\/printware.com.pe\/tienda\/producto\/workforce-pro-em-c8100\/","title":{"rendered":"WorkForce Pro EM-C8100 (1 bandeja)"},"content":{"rendered":"<p>Impresora multifuncional vers\u00e1til con alto rendimiento de tinta, bajo consumo de energ\u00eda y menos intervenciones. La impresora multifuncional WorkForce\u00ae Pro EM-C8100 ofrece versatilidad para los grupos de trabajo, con velocidades de impresi\u00f3n de hasta 25\/24 ppm ISO\u2020 (negro\/color) con calidad profesional, escaneo d\u00faplex de hasta 45 im\u00e1genes por minuto. Con la revolucionaria tecnolog\u00eda PrecisionCore\u2122 Heat-Free, est\u00e1 dise\u00f1ada para ofrecer una fiabilidad excepcional, alto rendimiento de tinta junto con un bajo consumo de energ\u00eda. Esta impresora cuenta con un sistema de bolsas de tinta reemplazables de alta capacidad llegando hasta 86.000 p\u00e1ginas ISO en negro\/50.000 p\u00e1ginas ISO en color antes de cambiar las bolsas de tinta2, r\u00e1pida salida de la primera hoja sin tiempo de espera. Adem\u00e1s, cuenta con opciones deadministraci\u00f3n y control de usu\u00e1rios<\/p>\n","protected":false},"excerpt":{"rendered":"<p>Impresora Multifuncional A3 a Colores para grupos de trabajo de 1 a 20 personas<br \/>\nPrecio referencial en d\u00f3lares: USD $1733.90<\/p>\n","protected":false},"featured_media":29258,"template":"","meta":[],"product_brand":[215],"product_cat":[225],"product_tag":[105],"class_list":{"0":"post-29912","1":"product","2":"type-product","3":"status-publish","4":"has-post-thumbnail","6":"product_brand-epson","7":"product_cat-a3","8":"product_tag-oficina-color-a3-economico","10":"first","11":"outofstock","12":"taxable","13":"shipping-taxable","14":"purchasable","15":"product-type-simple"},"_links":{"self":[{"href":"https:\/\/printware.com.pe\/tienda\/wp-json\/wp\/v2\/product\/29912","targetHints":{"allow":["GET"]}}],"collection":[{"href":"https:\/\/printware.com.pe\/tienda\/wp-json\/wp\/v2\/product"}],"about":[{"href":"https:\/\/printware.com.pe\/tienda\/wp-json\/wp\/v2\/types\/product"}],"version-history":[{"count":3,"href":"https:\/\/printware.com.pe\/tienda\/wp-json\/wp\/v2\/product\/29912\/revisions"}],"predecessor-version":[{"id":30414,"href":"https:\/\/printware.com.pe\/tienda\/wp-json\/wp\/v2\/product\/29912\/revisions\/30414"}],"wp:featuredmedia":[{"embeddable":true,"href":"https:\/\/printware.com.pe\/tienda\/wp-json\/wp\/v2\/media\/29258"}],"wp:attachment":[{"href":"https:\/\/printware.com.pe\/tienda\/wp-json\/wp\/v2\/media?parent=29912"}],"wp:term":[{"taxonomy":"product_brand","embeddable":true,"href":"https:\/\/printware.com.pe\/tienda\/wp-json\/wp\/v2\/product_brand?post=29912"},{"taxonomy":"product_cat","embeddable":true,"href":"https:\/\/printware.com.pe\/tienda\/wp-json\/wp\/v2\/product_cat?post=29912"},{"taxonomy":"product_tag","embeddable":true,"href":"https:\/\/printware.com.pe\/tienda\/wp-json\/wp\/v2\/product_tag?post=29912"}],"curies":[{"name":"wp","href":"https:\/\/api.w.org\/{rel}","templated":true}]}}