{"id":29917,"date":"2025-10-09T21:54:37","date_gmt":"2025-10-10T02:54:37","guid":{"rendered":"https:\/\/stage.monkey.pe\/printware\/product\/altalink-c8230\/"},"modified":"2026-01-14T18:30:59","modified_gmt":"2026-01-14T23:30:59","slug":"altalink-c8230","status":"publish","type":"product","link":"https:\/\/printware.com.pe\/tienda\/producto\/altalink-c8230\/","title":{"rendered":"Altalink C8230"},"content":{"rendered":"<p>Los equipos MFP color de la serie AltaLink C8200 est\u00e1n asistidos por IA para automatizar de forma segura las tareas repetitivas y complejas, adapt\u00e1ndose a las necesidades cambiantes de las empresas. Estas impresoras no solo ofrecen una calidad de impresi\u00f3n excepcional en color, sino que tambi\u00e9n incorporan tecnolog\u00eda de IA que permite a los usuarios realizar tareas como resumir documentos, convertir notas manuscritas en texto digital y redactar autom\u00e1ticamente informaci\u00f3n confidencial. Adem\u00e1s, la serie incluye aplicaciones preinstaladas que optimizan los flujos de trabajo diarios y mejoran la seguridad de la informaci\u00f3n.<\/p>\n","protected":false},"excerpt":{"rendered":"<p>Impresora Multifuncional A3 a Colores para grupos de trabajo de 1 a 20 personas<br \/>\nPrecio referencial en d\u00f3lares: USD $5463.00<\/p>\n","protected":false},"featured_media":29272,"template":"","meta":[],"product_brand":[217],"product_cat":[231],"product_tag":[106],"class_list":{"0":"post-29917","1":"product","2":"type-product","3":"status-publish","4":"has-post-thumbnail","6":"product_brand-xerox","7":"product_cat-a3-colores","8":"product_tag-oficina-color-a3-brillante","10":"first","11":"outofstock","12":"taxable","13":"shipping-taxable","14":"purchasable","15":"product-type-simple"},"_links":{"self":[{"href":"https:\/\/printware.com.pe\/tienda\/wp-json\/wp\/v2\/product\/29917","targetHints":{"allow":["GET"]}}],"collection":[{"href":"https:\/\/printware.com.pe\/tienda\/wp-json\/wp\/v2\/product"}],"about":[{"href":"https:\/\/printware.com.pe\/tienda\/wp-json\/wp\/v2\/types\/product"}],"version-history":[{"count":1,"href":"https:\/\/printware.com.pe\/tienda\/wp-json\/wp\/v2\/product\/29917\/revisions"}],"predecessor-version":[{"id":30431,"href":"https:\/\/printware.com.pe\/tienda\/wp-json\/wp\/v2\/product\/29917\/revisions\/30431"}],"wp:featuredmedia":[{"embeddable":true,"href":"https:\/\/printware.com.pe\/tienda\/wp-json\/wp\/v2\/media\/29272"}],"wp:attachment":[{"href":"https:\/\/printware.com.pe\/tienda\/wp-json\/wp\/v2\/media?parent=29917"}],"wp:term":[{"taxonomy":"product_brand","embeddable":true,"href":"https:\/\/printware.com.pe\/tienda\/wp-json\/wp\/v2\/product_brand?post=29917"},{"taxonomy":"product_cat","embeddable":true,"href":"https:\/\/printware.com.pe\/tienda\/wp-json\/wp\/v2\/product_cat?post=29917"},{"taxonomy":"product_tag","embeddable":true,"href":"https:\/\/printware.com.pe\/tienda\/wp-json\/wp\/v2\/product_tag?post=29917"}],"curies":[{"name":"wp","href":"https:\/\/api.w.org\/{rel}","templated":true}]}}