{"id":29926,"date":"2025-10-09T21:54:45","date_gmt":"2025-10-10T02:54:45","guid":{"rendered":"https:\/\/stage.monkey.pe\/printware\/product\/bm5115\/"},"modified":"2025-11-04T17:16:41","modified_gmt":"2025-11-04T22:16:41","slug":"bm5115","status":"publish","type":"product","link":"https:\/\/printware.com.pe\/tienda\/producto\/bm5115\/","title":{"rendered":"BM5115"},"content":{"rendered":"<p>La Pantum BM5115 es una impresora l\u00e1ser monocrom\u00e1tica multifunci\u00f3n (imprime, copia, escanea y env\u00eda fax) dise\u00f1ada para oficinas con alto volumen de trabajo que requieren velocidad, confiabilidad y bajos costos operativos.<\/p>\n","protected":false},"excerpt":{"rendered":"<p>Impresora Multifuncional A4 Monocrom\u00e1tica para grupos de trabajo de 1 a 10 personas<br \/>\nPrecio referencial en d\u00f3lares: USD $509.82<\/p>\n","protected":false},"featured_media":29292,"template":"","meta":[],"product_brand":[216],"product_cat":[232],"product_tag":[104,100],"class_list":{"0":"post-29926","1":"product","2":"type-product","3":"status-publish","4":"has-post-thumbnail","6":"product_brand-pantum","7":"product_cat-a4-monocromatica-laser","8":"product_tag-oficina-bn-veloz","9":"product_tag-pequeno-bn-veloz","11":"first","12":"instock","13":"taxable","14":"shipping-taxable","15":"purchasable","16":"product-type-simple"},"_links":{"self":[{"href":"https:\/\/printware.com.pe\/tienda\/wp-json\/wp\/v2\/product\/29926","targetHints":{"allow":["GET"]}}],"collection":[{"href":"https:\/\/printware.com.pe\/tienda\/wp-json\/wp\/v2\/product"}],"about":[{"href":"https:\/\/printware.com.pe\/tienda\/wp-json\/wp\/v2\/types\/product"}],"version-history":[{"count":1,"href":"https:\/\/printware.com.pe\/tienda\/wp-json\/wp\/v2\/product\/29926\/revisions"}],"predecessor-version":[{"id":30189,"href":"https:\/\/printware.com.pe\/tienda\/wp-json\/wp\/v2\/product\/29926\/revisions\/30189"}],"wp:featuredmedia":[{"embeddable":true,"href":"https:\/\/printware.com.pe\/tienda\/wp-json\/wp\/v2\/media\/29292"}],"wp:attachment":[{"href":"https:\/\/printware.com.pe\/tienda\/wp-json\/wp\/v2\/media?parent=29926"}],"wp:term":[{"taxonomy":"product_brand","embeddable":true,"href":"https:\/\/printware.com.pe\/tienda\/wp-json\/wp\/v2\/product_brand?post=29926"},{"taxonomy":"product_cat","embeddable":true,"href":"https:\/\/printware.com.pe\/tienda\/wp-json\/wp\/v2\/product_cat?post=29926"},{"taxonomy":"product_tag","embeddable":true,"href":"https:\/\/printware.com.pe\/tienda\/wp-json\/wp\/v2\/product_tag?post=29926"}],"curies":[{"name":"wp","href":"https:\/\/api.w.org\/{rel}","templated":true}]}}