{"id":29927,"date":"2025-10-09T21:54:46","date_gmt":"2025-10-10T02:54:46","guid":{"rendered":"https:\/\/stage.monkey.pe\/printware\/product\/cm2107\/"},"modified":"2025-11-25T13:38:42","modified_gmt":"2025-11-25T18:38:42","slug":"cm2107","status":"publish","type":"product","link":"https:\/\/printware.com.pe\/tienda\/producto\/cm2107\/","title":{"rendered":"CM2107"},"content":{"rendered":"<p>Pantum ofrece una soluci\u00f3n profesional dise\u00f1ada para oficinas que requieren manejo de documentos a color, m\u00faltiples funciones y conectividad moderna, sin perder eficiencia ni control de costos.<\/p>\n","protected":false},"excerpt":{"rendered":"<p>Pantum Impresora Multifuncional A4 a Colores para grupos de trabajo de 1 a 10 personas<br \/>\nPrecio referencial en d\u00f3lares: USD $628.55<\/p>\n","protected":false},"featured_media":29294,"template":"","meta":[],"product_brand":[216],"product_cat":[233],"product_tag":[98,102],"class_list":{"0":"post-29927","1":"product","2":"type-product","3":"status-publish","4":"has-post-thumbnail","6":"product_brand-pantum","7":"product_cat-a4-colores","8":"product_tag-hogar-color-brillante","9":"product_tag-pequeno-color-brillante","11":"first","12":"instock","13":"taxable","14":"shipping-taxable","15":"purchasable","16":"product-type-simple"},"_links":{"self":[{"href":"https:\/\/printware.com.pe\/tienda\/wp-json\/wp\/v2\/product\/29927","targetHints":{"allow":["GET"]}}],"collection":[{"href":"https:\/\/printware.com.pe\/tienda\/wp-json\/wp\/v2\/product"}],"about":[{"href":"https:\/\/printware.com.pe\/tienda\/wp-json\/wp\/v2\/types\/product"}],"version-history":[{"count":2,"href":"https:\/\/printware.com.pe\/tienda\/wp-json\/wp\/v2\/product\/29927\/revisions"}],"predecessor-version":[{"id":30351,"href":"https:\/\/printware.com.pe\/tienda\/wp-json\/wp\/v2\/product\/29927\/revisions\/30351"}],"wp:featuredmedia":[{"embeddable":true,"href":"https:\/\/printware.com.pe\/tienda\/wp-json\/wp\/v2\/media\/29294"}],"wp:attachment":[{"href":"https:\/\/printware.com.pe\/tienda\/wp-json\/wp\/v2\/media?parent=29927"}],"wp:term":[{"taxonomy":"product_brand","embeddable":true,"href":"https:\/\/printware.com.pe\/tienda\/wp-json\/wp\/v2\/product_brand?post=29927"},{"taxonomy":"product_cat","embeddable":true,"href":"https:\/\/printware.com.pe\/tienda\/wp-json\/wp\/v2\/product_cat?post=29927"},{"taxonomy":"product_tag","embeddable":true,"href":"https:\/\/printware.com.pe\/tienda\/wp-json\/wp\/v2\/product_tag?post=29927"}],"curies":[{"name":"wp","href":"https:\/\/api.w.org\/{rel}","templated":true}]}}