{"id":29930,"date":"2025-10-09T21:54:48","date_gmt":"2025-10-10T02:54:48","guid":{"rendered":"https:\/\/stage.monkey.pe\/printware\/product\/ds-770ii\/"},"modified":"2025-10-13T14:30:28","modified_gmt":"2025-10-13T19:30:28","slug":"ds-770ii","status":"publish","type":"product","link":"https:\/\/printware.com.pe\/tienda\/producto\/ds-770ii\/","title":{"rendered":"DS 770II"},"content":{"rendered":"<p>La Epson DS-770II es un esc\u00e1ner de documentos dise\u00f1ado para entornos empresariales que necesitan alto rendimiento y confiabilidad. Ofrece digitalizaci\u00f3n r\u00e1pida y precisa de grandes vol\u00famenes, optimizando la gesti\u00f3n documental y facilitando la integraci\u00f3n de la informaci\u00f3n en sistemas digitales. Es la soluci\u00f3n ideal para oficinas que requieren eficiencia, seguridad y orden en el manejo de sus archivos diarios.<\/p>\n","protected":false},"excerpt":{"rendered":"<p>Escaner duplex autom\u00e1tico para oficina de hasta 2,000 paginas diarias<br \/>\nPrecio referencial en d\u00f3lares: USD $638.79<\/p>\n","protected":false},"featured_media":29304,"template":"","meta":[],"product_brand":[215],"product_cat":[235],"product_tag":[],"class_list":{"0":"post-29930","1":"product","2":"type-product","3":"status-publish","4":"has-post-thumbnail","6":"product_brand-epson","7":"product_cat-usb","9":"first","10":"outofstock","11":"taxable","12":"shipping-taxable","13":"purchasable","14":"product-type-simple"},"_links":{"self":[{"href":"https:\/\/printware.com.pe\/tienda\/wp-json\/wp\/v2\/product\/29930","targetHints":{"allow":["GET"]}}],"collection":[{"href":"https:\/\/printware.com.pe\/tienda\/wp-json\/wp\/v2\/product"}],"about":[{"href":"https:\/\/printware.com.pe\/tienda\/wp-json\/wp\/v2\/types\/product"}],"version-history":[{"count":0,"href":"https:\/\/printware.com.pe\/tienda\/wp-json\/wp\/v2\/product\/29930\/revisions"}],"wp:featuredmedia":[{"embeddable":true,"href":"https:\/\/printware.com.pe\/tienda\/wp-json\/wp\/v2\/media\/29304"}],"wp:attachment":[{"href":"https:\/\/printware.com.pe\/tienda\/wp-json\/wp\/v2\/media?parent=29930"}],"wp:term":[{"taxonomy":"product_brand","embeddable":true,"href":"https:\/\/printware.com.pe\/tienda\/wp-json\/wp\/v2\/product_brand?post=29930"},{"taxonomy":"product_cat","embeddable":true,"href":"https:\/\/printware.com.pe\/tienda\/wp-json\/wp\/v2\/product_cat?post=29930"},{"taxonomy":"product_tag","embeddable":true,"href":"https:\/\/printware.com.pe\/tienda\/wp-json\/wp\/v2\/product_tag?post=29930"}],"curies":[{"name":"wp","href":"https:\/\/api.w.org\/{rel}","templated":true}]}}