{"id":29932,"date":"2025-10-09T21:54:49","date_gmt":"2025-10-10T02:54:49","guid":{"rendered":"https:\/\/stage.monkey.pe\/printware\/product\/ds-970\/"},"modified":"2025-10-13T14:30:28","modified_gmt":"2025-10-13T19:30:28","slug":"ds-970","status":"publish","type":"product","link":"https:\/\/printware.com.pe\/tienda\/producto\/ds-970\/","title":{"rendered":"DS 970"},"content":{"rendered":"<p>Dise\u00f1ado para otorgar un alto rendimiento para su grupo de trabajo con el ultra r\u00e1pido, confiable y robusto esc\u00e1ner de documentos DS-970. Dise\u00f1ado para espacios que requieren velocidad y productividad, el DS-970 ofrece velocidades de hasta 85 ppm\/170 ipm.<\/p>\n","protected":false},"excerpt":{"rendered":"<p>Escaner duplex autom\u00e1tico para oficina de hasta 3,000 paginas diarias<br \/>\nPrecio referencial en d\u00f3lares: USD $1061.58<\/p>\n","protected":false},"featured_media":29309,"template":"","meta":[],"product_brand":[215],"product_cat":[235],"product_tag":[],"class_list":{"0":"post-29932","1":"product","2":"type-product","3":"status-publish","4":"has-post-thumbnail","6":"product_brand-epson","7":"product_cat-usb","9":"first","10":"outofstock","11":"taxable","12":"shipping-taxable","13":"purchasable","14":"product-type-simple"},"_links":{"self":[{"href":"https:\/\/printware.com.pe\/tienda\/wp-json\/wp\/v2\/product\/29932","targetHints":{"allow":["GET"]}}],"collection":[{"href":"https:\/\/printware.com.pe\/tienda\/wp-json\/wp\/v2\/product"}],"about":[{"href":"https:\/\/printware.com.pe\/tienda\/wp-json\/wp\/v2\/types\/product"}],"version-history":[{"count":0,"href":"https:\/\/printware.com.pe\/tienda\/wp-json\/wp\/v2\/product\/29932\/revisions"}],"wp:featuredmedia":[{"embeddable":true,"href":"https:\/\/printware.com.pe\/tienda\/wp-json\/wp\/v2\/media\/29309"}],"wp:attachment":[{"href":"https:\/\/printware.com.pe\/tienda\/wp-json\/wp\/v2\/media?parent=29932"}],"wp:term":[{"taxonomy":"product_brand","embeddable":true,"href":"https:\/\/printware.com.pe\/tienda\/wp-json\/wp\/v2\/product_brand?post=29932"},{"taxonomy":"product_cat","embeddable":true,"href":"https:\/\/printware.com.pe\/tienda\/wp-json\/wp\/v2\/product_cat?post=29932"},{"taxonomy":"product_tag","embeddable":true,"href":"https:\/\/printware.com.pe\/tienda\/wp-json\/wp\/v2\/product_tag?post=29932"}],"curies":[{"name":"wp","href":"https:\/\/api.w.org\/{rel}","templated":true}]}}