{"id":29938,"date":"2025-10-09T21:54:56","date_gmt":"2025-10-10T02:54:56","guid":{"rendered":"https:\/\/stage.monkey.pe\/printware\/product\/tm-t88vii\/"},"modified":"2025-10-13T14:30:31","modified_gmt":"2025-10-13T19:30:31","slug":"tm-t88vii","status":"publish","type":"product","link":"https:\/\/printware.com.pe\/tienda\/producto\/tm-t88vii\/","title":{"rendered":"TM-T88VII"},"content":{"rendered":"<p>La TM-T88VII es una impresora t\u00e9rmica de alto rendimiento, dise\u00f1ada para puntos de venta que requieren rapidez, confiabilidad y calidad. Ofrece impresi\u00f3n veloz, mayor durabilidad y conectividad avanzada, garantizando una experiencia eficiente y moderna en cada transacci\u00f3n.<\/p>\n","protected":false},"excerpt":{"rendered":"<p>Impresora T\u00e9rmica de Recibos de alta demanda<br \/>\nPrecio referencial en d\u00f3lares: USD $380.43<\/p>\n","protected":false},"featured_media":29324,"template":"","meta":[],"product_brand":[215],"product_cat":[238],"product_tag":[],"class_list":{"0":"post-29938","1":"product","2":"type-product","3":"status-publish","4":"has-post-thumbnail","6":"product_brand-epson","7":"product_cat-termica","9":"first","10":"outofstock","11":"taxable","12":"shipping-taxable","13":"purchasable","14":"product-type-simple"},"_links":{"self":[{"href":"https:\/\/printware.com.pe\/tienda\/wp-json\/wp\/v2\/product\/29938","targetHints":{"allow":["GET"]}}],"collection":[{"href":"https:\/\/printware.com.pe\/tienda\/wp-json\/wp\/v2\/product"}],"about":[{"href":"https:\/\/printware.com.pe\/tienda\/wp-json\/wp\/v2\/types\/product"}],"version-history":[{"count":0,"href":"https:\/\/printware.com.pe\/tienda\/wp-json\/wp\/v2\/product\/29938\/revisions"}],"wp:featuredmedia":[{"embeddable":true,"href":"https:\/\/printware.com.pe\/tienda\/wp-json\/wp\/v2\/media\/29324"}],"wp:attachment":[{"href":"https:\/\/printware.com.pe\/tienda\/wp-json\/wp\/v2\/media?parent=29938"}],"wp:term":[{"taxonomy":"product_brand","embeddable":true,"href":"https:\/\/printware.com.pe\/tienda\/wp-json\/wp\/v2\/product_brand?post=29938"},{"taxonomy":"product_cat","embeddable":true,"href":"https:\/\/printware.com.pe\/tienda\/wp-json\/wp\/v2\/product_cat?post=29938"},{"taxonomy":"product_tag","embeddable":true,"href":"https:\/\/printware.com.pe\/tienda\/wp-json\/wp\/v2\/product_tag?post=29938"}],"curies":[{"name":"wp","href":"https:\/\/api.w.org\/{rel}","templated":true}]}}