{"id":29941,"date":"2025-10-09T21:54:58","date_gmt":"2025-10-10T02:54:58","guid":{"rendered":"https:\/\/stage.monkey.pe\/printware\/product\/tinta-black-c5310-c5390-c5810-c5890\/"},"modified":"2025-11-14T15:14:22","modified_gmt":"2025-11-14T20:14:22","slug":"tinta-black-c5310-c5390-c5810-c5890","status":"publish","type":"product","link":"https:\/\/printware.com.pe\/tienda\/producto\/tinta-black-c5310-c5390-c5810-c5890\/","title":{"rendered":"Tinta Black C5310\/C5390\/C5810\/C5890\/C5891"},"content":{"rendered":"<p>La Bolsa de Tinta Original Epson color negro para las impresoras C5310\/C5390\/C5810\/C5890\/C5891 es un suministro eficiente, econ\u00f3mico y sostenible para los usuarios que buscan calidad profesional en impresi\u00f3n a color. Dise\u00f1ada para ofrecer resultados n\u00edtidos, brillantes y confiables en cada impresi\u00f3n<\/p>\n","protected":false},"excerpt":{"rendered":"<p>Tinta Black C5310\/C5390\/C5810\/C5890\/C5891 &#8211; 10,000 impresiones<br \/>\nPrecio referencial en d\u00f3lares: USD $51.09<\/p>\n","protected":false},"featured_media":29330,"template":"","meta":[],"product_brand":[215],"product_cat":[241],"product_tag":[],"class_list":{"0":"post-29941","1":"product","2":"type-product","3":"status-publish","4":"has-post-thumbnail","6":"product_brand-epson","7":"product_cat-tinta-suministro","9":"first","10":"instock","11":"taxable","12":"shipping-taxable","13":"purchasable","14":"product-type-simple"},"_links":{"self":[{"href":"https:\/\/printware.com.pe\/tienda\/wp-json\/wp\/v2\/product\/29941","targetHints":{"allow":["GET"]}}],"collection":[{"href":"https:\/\/printware.com.pe\/tienda\/wp-json\/wp\/v2\/product"}],"about":[{"href":"https:\/\/printware.com.pe\/tienda\/wp-json\/wp\/v2\/types\/product"}],"version-history":[{"count":3,"href":"https:\/\/printware.com.pe\/tienda\/wp-json\/wp\/v2\/product\/29941\/revisions"}],"predecessor-version":[{"id":30279,"href":"https:\/\/printware.com.pe\/tienda\/wp-json\/wp\/v2\/product\/29941\/revisions\/30279"}],"wp:featuredmedia":[{"embeddable":true,"href":"https:\/\/printware.com.pe\/tienda\/wp-json\/wp\/v2\/media\/29330"}],"wp:attachment":[{"href":"https:\/\/printware.com.pe\/tienda\/wp-json\/wp\/v2\/media?parent=29941"}],"wp:term":[{"taxonomy":"product_brand","embeddable":true,"href":"https:\/\/printware.com.pe\/tienda\/wp-json\/wp\/v2\/product_brand?post=29941"},{"taxonomy":"product_cat","embeddable":true,"href":"https:\/\/printware.com.pe\/tienda\/wp-json\/wp\/v2\/product_cat?post=29941"},{"taxonomy":"product_tag","embeddable":true,"href":"https:\/\/printware.com.pe\/tienda\/wp-json\/wp\/v2\/product_tag?post=29941"}],"curies":[{"name":"wp","href":"https:\/\/api.w.org\/{rel}","templated":true}]}}