{"id":29943,"date":"2025-10-09T21:55:00","date_gmt":"2025-10-10T02:55:00","guid":{"rendered":"https:\/\/stage.monkey.pe\/printware\/product\/tinta-magenta-c5310-c5390-c5810-c5890\/"},"modified":"2025-11-14T15:14:58","modified_gmt":"2025-11-14T20:14:58","slug":"tinta-magenta-c5310-c5390-c5810-c5890","status":"publish","type":"product","link":"https:\/\/printware.com.pe\/tienda\/producto\/tinta-magenta-c5310-c5390-c5810-c5890\/","title":{"rendered":"Tinta Magenta C5310\/C5390\/C5810\/C5890\/C5891"},"content":{"rendered":"<p>La Bolsa de Tinta Original Epson color Magenta para las impresoras C5310\/C5390\/C5810\/C5890\/C5891 es un suministro eficiente, econ\u00f3mico y sostenible para los usuarios que buscan calidad profesional en impresi\u00f3n a color. Dise\u00f1ada para ofrecer resultados n\u00edtidos, brillantes y confiables en cada impresi\u00f3n<\/p>\n","protected":false},"excerpt":{"rendered":"<p>Tinta Magenta C5310\/C5390\/C5810\/C5890\/C5891 &#8211; 5,000 impresiones<br \/>\nPrecio referencial en d\u00f3lares: USD $51.09<\/p>\n","protected":false},"featured_media":29334,"template":"","meta":[],"product_brand":[215],"product_cat":[241],"product_tag":[],"class_list":{"0":"post-29943","1":"product","2":"type-product","3":"status-publish","4":"has-post-thumbnail","6":"product_brand-epson","7":"product_cat-tinta-suministro","9":"first","10":"instock","11":"taxable","12":"shipping-taxable","13":"purchasable","14":"product-type-simple"},"_links":{"self":[{"href":"https:\/\/printware.com.pe\/tienda\/wp-json\/wp\/v2\/product\/29943","targetHints":{"allow":["GET"]}}],"collection":[{"href":"https:\/\/printware.com.pe\/tienda\/wp-json\/wp\/v2\/product"}],"about":[{"href":"https:\/\/printware.com.pe\/tienda\/wp-json\/wp\/v2\/types\/product"}],"version-history":[{"count":4,"href":"https:\/\/printware.com.pe\/tienda\/wp-json\/wp\/v2\/product\/29943\/revisions"}],"predecessor-version":[{"id":30281,"href":"https:\/\/printware.com.pe\/tienda\/wp-json\/wp\/v2\/product\/29943\/revisions\/30281"}],"wp:featuredmedia":[{"embeddable":true,"href":"https:\/\/printware.com.pe\/tienda\/wp-json\/wp\/v2\/media\/29334"}],"wp:attachment":[{"href":"https:\/\/printware.com.pe\/tienda\/wp-json\/wp\/v2\/media?parent=29943"}],"wp:term":[{"taxonomy":"product_brand","embeddable":true,"href":"https:\/\/printware.com.pe\/tienda\/wp-json\/wp\/v2\/product_brand?post=29943"},{"taxonomy":"product_cat","embeddable":true,"href":"https:\/\/printware.com.pe\/tienda\/wp-json\/wp\/v2\/product_cat?post=29943"},{"taxonomy":"product_tag","embeddable":true,"href":"https:\/\/printware.com.pe\/tienda\/wp-json\/wp\/v2\/product_tag?post=29943"}],"curies":[{"name":"wp","href":"https:\/\/api.w.org\/{rel}","templated":true}]}}