{"id":29952,"date":"2025-10-09T21:55:08","date_gmt":"2025-10-10T02:55:08","guid":{"rendered":"https:\/\/stage.monkey.pe\/printware\/product\/tinta-black-m5299-5799-2\/"},"modified":"2026-01-26T13:05:52","modified_gmt":"2026-01-26T18:05:52","slug":"tinta-black-m5299-5799-2","status":"publish","type":"product","link":"https:\/\/printware.com.pe\/tienda\/producto\/tinta-black-m5299-5799-2\/","title":{"rendered":"Tinta Black M5299\/5799"},"content":{"rendered":"<p>La Bolsa de Tinta Original Epson color negro para las impresoras M5299\/M5799  es un suministro eficiente, econ\u00f3mico y sostenible para los usuarios que buscan calidad profesional en impresi\u00f3n a color. Dise\u00f1ada para ofrecer resultados n\u00edtidos, brillantes y confiables en cada impresi\u00f3n<\/p>\n","protected":false},"excerpt":{"rendered":"<p>Tinta Black M5299\/5799 &#8211; 10,000 impresiones<br \/>\nPrecio referencial en d\u00f3lares: USD $42.26<\/p>\n","protected":false},"featured_media":29352,"template":"","meta":[],"product_brand":[215],"product_cat":[241],"product_tag":[],"class_list":{"0":"post-29952","1":"product","2":"type-product","3":"status-publish","4":"has-post-thumbnail","6":"product_brand-epson","7":"product_cat-tinta-suministro","9":"first","10":"instock","11":"taxable","12":"shipping-taxable","13":"purchasable","14":"product-type-simple"},"_links":{"self":[{"href":"https:\/\/printware.com.pe\/tienda\/wp-json\/wp\/v2\/product\/29952","targetHints":{"allow":["GET"]}}],"collection":[{"href":"https:\/\/printware.com.pe\/tienda\/wp-json\/wp\/v2\/product"}],"about":[{"href":"https:\/\/printware.com.pe\/tienda\/wp-json\/wp\/v2\/types\/product"}],"version-history":[{"count":1,"href":"https:\/\/printware.com.pe\/tienda\/wp-json\/wp\/v2\/product\/29952\/revisions"}],"predecessor-version":[{"id":30624,"href":"https:\/\/printware.com.pe\/tienda\/wp-json\/wp\/v2\/product\/29952\/revisions\/30624"}],"wp:featuredmedia":[{"embeddable":true,"href":"https:\/\/printware.com.pe\/tienda\/wp-json\/wp\/v2\/media\/29352"}],"wp:attachment":[{"href":"https:\/\/printware.com.pe\/tienda\/wp-json\/wp\/v2\/media?parent=29952"}],"wp:term":[{"taxonomy":"product_brand","embeddable":true,"href":"https:\/\/printware.com.pe\/tienda\/wp-json\/wp\/v2\/product_brand?post=29952"},{"taxonomy":"product_cat","embeddable":true,"href":"https:\/\/printware.com.pe\/tienda\/wp-json\/wp\/v2\/product_cat?post=29952"},{"taxonomy":"product_tag","embeddable":true,"href":"https:\/\/printware.com.pe\/tienda\/wp-json\/wp\/v2\/product_tag?post=29952"}],"curies":[{"name":"wp","href":"https:\/\/api.w.org\/{rel}","templated":true}]}}