{"id":29953,"date":"2025-10-09T21:55:08","date_gmt":"2025-10-10T02:55:08","guid":{"rendered":"https:\/\/stage.monkey.pe\/printware\/product\/tinta-em-c800-black\/"},"modified":"2026-02-13T15:40:57","modified_gmt":"2026-02-13T20:40:57","slug":"tinta-em-c800-black","status":"publish","type":"product","link":"https:\/\/printware.com.pe\/tienda\/producto\/tinta-em-c800-black\/","title":{"rendered":"Tinta EM-C800 Black"},"content":{"rendered":"<p>La Bolsa de Tinta Original Epson color negro para las impresoras C800 es un suministro eficiente, econ\u00f3mico y sostenible para los usuarios que buscan calidad profesional en impresi\u00f3n a color. Dise\u00f1ada para ofrecer resultados n\u00edtidos, brillantes y confiables en cada impresi\u00f3n<\/p>\n","protected":false},"excerpt":{"rendered":"<p>Tinta EM-C800 Black 10,000 impresiones<br \/>\nPrecio referencial en d\u00f3lares: USD $46.71<\/p>\n","protected":false},"featured_media":29354,"template":"","meta":[],"product_brand":[215],"product_cat":[241],"product_tag":[],"class_list":{"0":"post-29953","1":"product","2":"type-product","3":"status-publish","4":"has-post-thumbnail","6":"product_brand-epson","7":"product_cat-tinta-suministro","9":"first","10":"outofstock","11":"taxable","12":"shipping-taxable","13":"purchasable","14":"product-type-simple"},"_links":{"self":[{"href":"https:\/\/printware.com.pe\/tienda\/wp-json\/wp\/v2\/product\/29953","targetHints":{"allow":["GET"]}}],"collection":[{"href":"https:\/\/printware.com.pe\/tienda\/wp-json\/wp\/v2\/product"}],"about":[{"href":"https:\/\/printware.com.pe\/tienda\/wp-json\/wp\/v2\/types\/product"}],"version-history":[{"count":1,"href":"https:\/\/printware.com.pe\/tienda\/wp-json\/wp\/v2\/product\/29953\/revisions"}],"predecessor-version":[{"id":30181,"href":"https:\/\/printware.com.pe\/tienda\/wp-json\/wp\/v2\/product\/29953\/revisions\/30181"}],"wp:featuredmedia":[{"embeddable":true,"href":"https:\/\/printware.com.pe\/tienda\/wp-json\/wp\/v2\/media\/29354"}],"wp:attachment":[{"href":"https:\/\/printware.com.pe\/tienda\/wp-json\/wp\/v2\/media?parent=29953"}],"wp:term":[{"taxonomy":"product_brand","embeddable":true,"href":"https:\/\/printware.com.pe\/tienda\/wp-json\/wp\/v2\/product_brand?post=29953"},{"taxonomy":"product_cat","embeddable":true,"href":"https:\/\/printware.com.pe\/tienda\/wp-json\/wp\/v2\/product_cat?post=29953"},{"taxonomy":"product_tag","embeddable":true,"href":"https:\/\/printware.com.pe\/tienda\/wp-json\/wp\/v2\/product_tag?post=29953"}],"curies":[{"name":"wp","href":"https:\/\/api.w.org\/{rel}","templated":true}]}}