{"id":29959,"date":"2025-10-09T21:55:16","date_gmt":"2025-10-10T02:55:16","guid":{"rendered":"https:\/\/stage.monkey.pe\/printware\/product\/tinta-em-c800-magenta-2\/"},"modified":"2025-10-13T14:30:33","modified_gmt":"2025-10-13T19:30:33","slug":"tinta-em-c800-magenta-2","status":"publish","type":"product","link":"https:\/\/printware.com.pe\/tienda\/producto\/tinta-em-c800-magenta-2\/","title":{"rendered":"Tinta  EM-C800 Magenta"},"content":{"rendered":"<p>La Bolsa de Tinta Original Epson Extra Large color Magenta para las impresoras C800  es un suministro eficiente, econ\u00f3mico y sostenible para los usuarios que buscan calidad profesional en impresi\u00f3n a color. Dise\u00f1ada para ofrecer resultados n\u00edtidos, brillantes y confiables en cada impresi\u00f3n<\/p>\n","protected":false},"excerpt":{"rendered":"<p>Tinta  EM-C800 Magenta 20,000 impresiones<br \/>\nPrecio referencial en d\u00f3lares: USD $183.88<\/p>\n","protected":false},"featured_media":29366,"template":"","meta":[],"product_brand":[215],"product_cat":[241],"product_tag":[],"class_list":{"0":"post-29959","1":"product","2":"type-product","3":"status-publish","4":"has-post-thumbnail","6":"product_brand-epson","7":"product_cat-tinta-suministro","9":"first","10":"outofstock","11":"taxable","12":"shipping-taxable","13":"purchasable","14":"product-type-simple"},"_links":{"self":[{"href":"https:\/\/printware.com.pe\/tienda\/wp-json\/wp\/v2\/product\/29959","targetHints":{"allow":["GET"]}}],"collection":[{"href":"https:\/\/printware.com.pe\/tienda\/wp-json\/wp\/v2\/product"}],"about":[{"href":"https:\/\/printware.com.pe\/tienda\/wp-json\/wp\/v2\/types\/product"}],"version-history":[{"count":0,"href":"https:\/\/printware.com.pe\/tienda\/wp-json\/wp\/v2\/product\/29959\/revisions"}],"wp:featuredmedia":[{"embeddable":true,"href":"https:\/\/printware.com.pe\/tienda\/wp-json\/wp\/v2\/media\/29366"}],"wp:attachment":[{"href":"https:\/\/printware.com.pe\/tienda\/wp-json\/wp\/v2\/media?parent=29959"}],"wp:term":[{"taxonomy":"product_brand","embeddable":true,"href":"https:\/\/printware.com.pe\/tienda\/wp-json\/wp\/v2\/product_brand?post=29959"},{"taxonomy":"product_cat","embeddable":true,"href":"https:\/\/printware.com.pe\/tienda\/wp-json\/wp\/v2\/product_cat?post=29959"},{"taxonomy":"product_tag","embeddable":true,"href":"https:\/\/printware.com.pe\/tienda\/wp-json\/wp\/v2\/product_tag?post=29959"}],"curies":[{"name":"wp","href":"https:\/\/api.w.org\/{rel}","templated":true}]}}