{"id":29965,"date":"2025-10-09T21:55:21","date_gmt":"2025-10-10T02:55:21","guid":{"rendered":"https:\/\/stage.monkey.pe\/printware\/product\/tinta-c8100-black-xl\/"},"modified":"2025-11-04T16:20:45","modified_gmt":"2025-11-04T21:20:45","slug":"tinta-c8100-black-xl","status":"publish","type":"product","link":"https:\/\/printware.com.pe\/tienda\/producto\/tinta-c8100-black-xl\/","title":{"rendered":"Tinta C8100 Black XL"},"content":{"rendered":"<p>La Bolsa de Tinta Original Epson Extra Large color negro para las impresoras C8100 es un suministro eficiente, econ\u00f3mico y sostenible para los usuarios que buscan calidad profesional en impresi\u00f3n a color. Dise\u00f1ada para ofrecer resultados n\u00edtidos, brillantes y confiables en cada impresi\u00f3n<\/p>\n","protected":false},"excerpt":{"rendered":"<p>Tinta C810X Black XL 86,000 impresiones<br \/>\nPrecio referencial en d\u00f3lares: USD $297.30<\/p>\n","protected":false},"featured_media":29378,"template":"","meta":[],"product_brand":[215],"product_cat":[241],"product_tag":[],"class_list":{"0":"post-29965","1":"product","2":"type-product","3":"status-publish","4":"has-post-thumbnail","6":"product_brand-epson","7":"product_cat-tinta-suministro","9":"first","10":"outofstock","11":"taxable","12":"shipping-taxable","13":"purchasable","14":"product-type-simple"},"_links":{"self":[{"href":"https:\/\/printware.com.pe\/tienda\/wp-json\/wp\/v2\/product\/29965","targetHints":{"allow":["GET"]}}],"collection":[{"href":"https:\/\/printware.com.pe\/tienda\/wp-json\/wp\/v2\/product"}],"about":[{"href":"https:\/\/printware.com.pe\/tienda\/wp-json\/wp\/v2\/types\/product"}],"version-history":[{"count":1,"href":"https:\/\/printware.com.pe\/tienda\/wp-json\/wp\/v2\/product\/29965\/revisions"}],"predecessor-version":[{"id":30171,"href":"https:\/\/printware.com.pe\/tienda\/wp-json\/wp\/v2\/product\/29965\/revisions\/30171"}],"wp:featuredmedia":[{"embeddable":true,"href":"https:\/\/printware.com.pe\/tienda\/wp-json\/wp\/v2\/media\/29378"}],"wp:attachment":[{"href":"https:\/\/printware.com.pe\/tienda\/wp-json\/wp\/v2\/media?parent=29965"}],"wp:term":[{"taxonomy":"product_brand","embeddable":true,"href":"https:\/\/printware.com.pe\/tienda\/wp-json\/wp\/v2\/product_brand?post=29965"},{"taxonomy":"product_cat","embeddable":true,"href":"https:\/\/printware.com.pe\/tienda\/wp-json\/wp\/v2\/product_cat?post=29965"},{"taxonomy":"product_tag","embeddable":true,"href":"https:\/\/printware.com.pe\/tienda\/wp-json\/wp\/v2\/product_tag?post=29965"}],"curies":[{"name":"wp","href":"https:\/\/api.w.org\/{rel}","templated":true}]}}