{"id":29970,"date":"2025-10-09T21:55:25","date_gmt":"2025-10-10T02:55:25","guid":{"rendered":"https:\/\/stage.monkey.pe\/printware\/product\/toner-black-altalink-b8245-b8255-b8270\/"},"modified":"2025-10-13T14:30:36","modified_gmt":"2025-10-13T19:30:36","slug":"toner-black-altalink-b8245-b8255-b8270","status":"publish","type":"product","link":"https:\/\/printware.com.pe\/tienda\/producto\/toner-black-altalink-b8245-b8255-b8270\/","title":{"rendered":"T\u00f3ner Black AltaLink B8245\/B8255\/B8270"},"content":{"rendered":"<p>El T\u00f3ner Original XEROX color negro con un rendimiento de 52,000 p\u00e1ginas ha sido especialmente formulado y probado para proporcionar la mejor calidad de impresi\u00f3n para el usuario. T\u00f3ner para las impresoras B8245\/B8255\/B8270 &#8211; B8145\/B8155\/B8170<\/p>\n","protected":false},"excerpt":{"rendered":"<p>T\u00f3ner Black AltaLink B8245\/B8255\/B8270 52,000 impresiones<br \/>\nPrecio referencial en d\u00f3lares: USD $62.85<\/p>\n","protected":false},"featured_media":29388,"template":"","meta":[],"product_brand":[217],"product_cat":[243],"product_tag":[],"class_list":{"0":"post-29970","1":"product","2":"type-product","3":"status-publish","4":"has-post-thumbnail","6":"product_brand-xerox","7":"product_cat-toner","9":"first","10":"outofstock","11":"taxable","12":"shipping-taxable","13":"purchasable","14":"product-type-simple"},"_links":{"self":[{"href":"https:\/\/printware.com.pe\/tienda\/wp-json\/wp\/v2\/product\/29970","targetHints":{"allow":["GET"]}}],"collection":[{"href":"https:\/\/printware.com.pe\/tienda\/wp-json\/wp\/v2\/product"}],"about":[{"href":"https:\/\/printware.com.pe\/tienda\/wp-json\/wp\/v2\/types\/product"}],"version-history":[{"count":0,"href":"https:\/\/printware.com.pe\/tienda\/wp-json\/wp\/v2\/product\/29970\/revisions"}],"wp:featuredmedia":[{"embeddable":true,"href":"https:\/\/printware.com.pe\/tienda\/wp-json\/wp\/v2\/media\/29388"}],"wp:attachment":[{"href":"https:\/\/printware.com.pe\/tienda\/wp-json\/wp\/v2\/media?parent=29970"}],"wp:term":[{"taxonomy":"product_brand","embeddable":true,"href":"https:\/\/printware.com.pe\/tienda\/wp-json\/wp\/v2\/product_brand?post=29970"},{"taxonomy":"product_cat","embeddable":true,"href":"https:\/\/printware.com.pe\/tienda\/wp-json\/wp\/v2\/product_cat?post=29970"},{"taxonomy":"product_tag","embeddable":true,"href":"https:\/\/printware.com.pe\/tienda\/wp-json\/wp\/v2\/product_tag?post=29970"}],"curies":[{"name":"wp","href":"https:\/\/api.w.org\/{rel}","templated":true}]}}