{"id":29973,"date":"2025-10-09T21:55:27","date_gmt":"2025-10-10T02:55:27","guid":{"rendered":"https:\/\/stage.monkey.pe\/printware\/product\/toner-yellow-c8230-c8235-c8245-c8255-c8270\/"},"modified":"2025-10-13T14:30:36","modified_gmt":"2025-10-13T19:30:36","slug":"toner-yellow-c8230-c8235-c8245-c8255-c8270","status":"publish","type":"product","link":"https:\/\/printware.com.pe\/tienda\/producto\/toner-yellow-c8230-c8235-c8245-c8255-c8270\/","title":{"rendered":"T\u00f3ner  Yellow C8230\/C8235\/C8245\/C8255\/C8270"},"content":{"rendered":"<p>El T\u00f3ner Original XEROX color Yellow con un rendimiento de 28,000 p\u00e1ginas ha sido especialmente formulado y probado para proporcionar la mejor calidad imagen con colores n\u00edtidos y brillantes. T\u00f3ner para las impresoras C8230\/C8235\/C8245\/C8255\/C8270 &#8211; C8130\/C8135\/C8145\/C8155\/C8170<\/p>\n","protected":false},"excerpt":{"rendered":"<p>T\u00f3ner  Yellow C8230\/C8235\/C8245\/C8255\/C8270 28,000 impresiones<br \/>\nPrecio referencial en d\u00f3lares: USD $163.43<\/p>\n","protected":false},"featured_media":29394,"template":"","meta":[],"product_brand":[217],"product_cat":[243],"product_tag":[],"class_list":{"0":"post-29973","1":"product","2":"type-product","3":"status-publish","4":"has-post-thumbnail","6":"product_brand-xerox","7":"product_cat-toner","9":"first","10":"outofstock","11":"taxable","12":"shipping-taxable","13":"purchasable","14":"product-type-simple"},"_links":{"self":[{"href":"https:\/\/printware.com.pe\/tienda\/wp-json\/wp\/v2\/product\/29973","targetHints":{"allow":["GET"]}}],"collection":[{"href":"https:\/\/printware.com.pe\/tienda\/wp-json\/wp\/v2\/product"}],"about":[{"href":"https:\/\/printware.com.pe\/tienda\/wp-json\/wp\/v2\/types\/product"}],"version-history":[{"count":0,"href":"https:\/\/printware.com.pe\/tienda\/wp-json\/wp\/v2\/product\/29973\/revisions"}],"wp:featuredmedia":[{"embeddable":true,"href":"https:\/\/printware.com.pe\/tienda\/wp-json\/wp\/v2\/media\/29394"}],"wp:attachment":[{"href":"https:\/\/printware.com.pe\/tienda\/wp-json\/wp\/v2\/media?parent=29973"}],"wp:term":[{"taxonomy":"product_brand","embeddable":true,"href":"https:\/\/printware.com.pe\/tienda\/wp-json\/wp\/v2\/product_brand?post=29973"},{"taxonomy":"product_cat","embeddable":true,"href":"https:\/\/printware.com.pe\/tienda\/wp-json\/wp\/v2\/product_cat?post=29973"},{"taxonomy":"product_tag","embeddable":true,"href":"https:\/\/printware.com.pe\/tienda\/wp-json\/wp\/v2\/product_tag?post=29973"}],"curies":[{"name":"wp","href":"https:\/\/api.w.org\/{rel}","templated":true}]}}