{"id":29975,"date":"2025-10-09T21:55:29","date_gmt":"2025-10-10T02:55:29","guid":{"rendered":"https:\/\/stage.monkey.pe\/printware\/product\/toner-black-c415-high\/"},"modified":"2025-10-13T14:30:37","modified_gmt":"2025-10-13T19:30:37","slug":"toner-black-c415-high","status":"publish","type":"product","link":"https:\/\/printware.com.pe\/tienda\/producto\/toner-black-c415-high\/","title":{"rendered":"T\u00f3ner Black C415 high"},"content":{"rendered":"<p>El T\u00f3ner Original XEROX color negro con un rendimiento de 10,500 p\u00e1ginas ha sido especialmente formulado y probado para proporcionar la mejor calidad de impresi\u00f3n para el usuario. T\u00f3ner para las impresoras C415<\/p>\n","protected":false},"excerpt":{"rendered":"<p>T\u00f3ner Black C415 high 15,000 impresiones<br \/>\nPrecio referencial en d\u00f3lares: USD $113.11<\/p>\n","protected":false},"featured_media":29398,"template":"","meta":[],"product_brand":[217],"product_cat":[243],"product_tag":[],"class_list":{"0":"post-29975","1":"product","2":"type-product","3":"status-publish","4":"has-post-thumbnail","6":"product_brand-xerox","7":"product_cat-toner","9":"first","10":"instock","11":"taxable","12":"shipping-taxable","13":"purchasable","14":"product-type-simple"},"_links":{"self":[{"href":"https:\/\/printware.com.pe\/tienda\/wp-json\/wp\/v2\/product\/29975","targetHints":{"allow":["GET"]}}],"collection":[{"href":"https:\/\/printware.com.pe\/tienda\/wp-json\/wp\/v2\/product"}],"about":[{"href":"https:\/\/printware.com.pe\/tienda\/wp-json\/wp\/v2\/types\/product"}],"version-history":[{"count":0,"href":"https:\/\/printware.com.pe\/tienda\/wp-json\/wp\/v2\/product\/29975\/revisions"}],"wp:featuredmedia":[{"embeddable":true,"href":"https:\/\/printware.com.pe\/tienda\/wp-json\/wp\/v2\/media\/29398"}],"wp:attachment":[{"href":"https:\/\/printware.com.pe\/tienda\/wp-json\/wp\/v2\/media?parent=29975"}],"wp:term":[{"taxonomy":"product_brand","embeddable":true,"href":"https:\/\/printware.com.pe\/tienda\/wp-json\/wp\/v2\/product_brand?post=29975"},{"taxonomy":"product_cat","embeddable":true,"href":"https:\/\/printware.com.pe\/tienda\/wp-json\/wp\/v2\/product_cat?post=29975"},{"taxonomy":"product_tag","embeddable":true,"href":"https:\/\/printware.com.pe\/tienda\/wp-json\/wp\/v2\/product_tag?post=29975"}],"curies":[{"name":"wp","href":"https:\/\/api.w.org\/{rel}","templated":true}]}}