{"id":29978,"date":"2025-10-09T21:55:31","date_gmt":"2025-10-10T02:55:31","guid":{"rendered":"https:\/\/stage.monkey.pe\/printware\/product\/toner-cyan-c415-high\/"},"modified":"2025-10-13T14:30:37","modified_gmt":"2025-10-13T19:30:37","slug":"toner-cyan-c415-high","status":"publish","type":"product","link":"https:\/\/printware.com.pe\/tienda\/producto\/toner-cyan-c415-high\/","title":{"rendered":"T\u00f3ner  Cyan C415 high"},"content":{"rendered":"<p>El T\u00f3ner Original XEROX color Cyan con un rendimiento de 8,000 p\u00e1ginas ha sido especialmente formulado y probado para proporcionar la mejor calidad imagen con colores n\u00edtidos y brillantes. T\u00f3ner para las impresoras C415<\/p>\n","protected":false},"excerpt":{"rendered":"<p>T\u00f3ner  Cyan C415 high 10,000 impresiones<br \/>\nPrecio referencial en d\u00f3lares: USD $139.71<\/p>\n","protected":false},"featured_media":29404,"template":"","meta":[],"product_brand":[217],"product_cat":[243],"product_tag":[],"class_list":{"0":"post-29978","1":"product","2":"type-product","3":"status-publish","4":"has-post-thumbnail","6":"product_brand-xerox","7":"product_cat-toner","9":"first","10":"outofstock","11":"taxable","12":"shipping-taxable","13":"purchasable","14":"product-type-simple"},"_links":{"self":[{"href":"https:\/\/printware.com.pe\/tienda\/wp-json\/wp\/v2\/product\/29978","targetHints":{"allow":["GET"]}}],"collection":[{"href":"https:\/\/printware.com.pe\/tienda\/wp-json\/wp\/v2\/product"}],"about":[{"href":"https:\/\/printware.com.pe\/tienda\/wp-json\/wp\/v2\/types\/product"}],"version-history":[{"count":0,"href":"https:\/\/printware.com.pe\/tienda\/wp-json\/wp\/v2\/product\/29978\/revisions"}],"wp:featuredmedia":[{"embeddable":true,"href":"https:\/\/printware.com.pe\/tienda\/wp-json\/wp\/v2\/media\/29404"}],"wp:attachment":[{"href":"https:\/\/printware.com.pe\/tienda\/wp-json\/wp\/v2\/media?parent=29978"}],"wp:term":[{"taxonomy":"product_brand","embeddable":true,"href":"https:\/\/printware.com.pe\/tienda\/wp-json\/wp\/v2\/product_brand?post=29978"},{"taxonomy":"product_cat","embeddable":true,"href":"https:\/\/printware.com.pe\/tienda\/wp-json\/wp\/v2\/product_cat?post=29978"},{"taxonomy":"product_tag","embeddable":true,"href":"https:\/\/printware.com.pe\/tienda\/wp-json\/wp\/v2\/product_tag?post=29978"}],"curies":[{"name":"wp","href":"https:\/\/api.w.org\/{rel}","templated":true}]}}