{"id":29980,"date":"2025-10-09T21:55:33","date_gmt":"2025-10-10T02:55:33","guid":{"rendered":"https:\/\/stage.monkey.pe\/printware\/product\/toner-b620-b625\/"},"modified":"2026-01-15T01:47:14","modified_gmt":"2026-01-15T06:47:14","slug":"toner-b620-b625","status":"publish","type":"product","link":"https:\/\/printware.com.pe\/tienda\/producto\/toner-b620-b625\/","title":{"rendered":"T\u00f3ner B620\/B625"},"content":{"rendered":"<p>El T\u00f3ner Original XEROX color negro con un rendimiento de 55,000 p\u00e1ginas ha sido especialmente formulado y probado para proporcionar la mejor calidad de impresi\u00f3n para el usuario. T\u00f3ner para las impresoras B625\/B620<\/p>\n","protected":false},"excerpt":{"rendered":"<p>T\u00f3ner B620\/B625 &#8211; 55,000 impresiones<br \/>\nPrecio referencial en d\u00f3lares: USD $262.59<\/p>\n","protected":false},"featured_media":29408,"template":"","meta":[],"product_brand":[217],"product_cat":[243],"product_tag":[],"class_list":{"0":"post-29980","1":"product","2":"type-product","3":"status-publish","4":"has-post-thumbnail","6":"product_brand-xerox","7":"product_cat-toner","9":"first","10":"outofstock","11":"taxable","12":"shipping-taxable","13":"purchasable","14":"product-type-simple"},"_links":{"self":[{"href":"https:\/\/printware.com.pe\/tienda\/wp-json\/wp\/v2\/product\/29980","targetHints":{"allow":["GET"]}}],"collection":[{"href":"https:\/\/printware.com.pe\/tienda\/wp-json\/wp\/v2\/product"}],"about":[{"href":"https:\/\/printware.com.pe\/tienda\/wp-json\/wp\/v2\/types\/product"}],"version-history":[{"count":1,"href":"https:\/\/printware.com.pe\/tienda\/wp-json\/wp\/v2\/product\/29980\/revisions"}],"predecessor-version":[{"id":30566,"href":"https:\/\/printware.com.pe\/tienda\/wp-json\/wp\/v2\/product\/29980\/revisions\/30566"}],"wp:featuredmedia":[{"embeddable":true,"href":"https:\/\/printware.com.pe\/tienda\/wp-json\/wp\/v2\/media\/29408"}],"wp:attachment":[{"href":"https:\/\/printware.com.pe\/tienda\/wp-json\/wp\/v2\/media?parent=29980"}],"wp:term":[{"taxonomy":"product_brand","embeddable":true,"href":"https:\/\/printware.com.pe\/tienda\/wp-json\/wp\/v2\/product_brand?post=29980"},{"taxonomy":"product_cat","embeddable":true,"href":"https:\/\/printware.com.pe\/tienda\/wp-json\/wp\/v2\/product_cat?post=29980"},{"taxonomy":"product_tag","embeddable":true,"href":"https:\/\/printware.com.pe\/tienda\/wp-json\/wp\/v2\/product_tag?post=29980"}],"curies":[{"name":"wp","href":"https:\/\/api.w.org\/{rel}","templated":true}]}}