{"id":29982,"date":"2025-10-09T21:55:35","date_gmt":"2025-10-10T02:55:35","guid":{"rendered":"https:\/\/stage.monkey.pe\/printware\/product\/toner-cyan-cm2107\/"},"modified":"2025-10-13T14:30:37","modified_gmt":"2025-10-13T19:30:37","slug":"toner-cyan-cm2107","status":"publish","type":"product","link":"https:\/\/printware.com.pe\/tienda\/producto\/toner-cyan-cm2107\/","title":{"rendered":"T\u00f3ner Cyan CM2107"},"content":{"rendered":"<p>Cartucho de toner Pantum oiginal color Cyan. Pantum proporciona calidad de im\u00e1genes y colores brillantes a un costo muy competitivo por su tecnolog\u00eda de impresion eficiente e innovadora. Con un rendimiento de impresi\u00f3n de 2,500 p\u00e1ginas este t\u00f3ner est\u00e1 dise\u00f1ado para las impresoras CM2107<\/p>\n","protected":false},"excerpt":{"rendered":"<p>T\u00f3ner Cyan CM2107 2,500 paginas<br \/>\nPrecio referencial en d\u00f3lares: USD $90.79<\/p>\n","protected":false},"featured_media":29412,"template":"","meta":[],"product_brand":[216],"product_cat":[243],"product_tag":[],"class_list":{"0":"post-29982","1":"product","2":"type-product","3":"status-publish","4":"has-post-thumbnail","6":"product_brand-pantum","7":"product_cat-toner","9":"first","10":"instock","11":"taxable","12":"shipping-taxable","13":"purchasable","14":"product-type-simple"},"_links":{"self":[{"href":"https:\/\/printware.com.pe\/tienda\/wp-json\/wp\/v2\/product\/29982","targetHints":{"allow":["GET"]}}],"collection":[{"href":"https:\/\/printware.com.pe\/tienda\/wp-json\/wp\/v2\/product"}],"about":[{"href":"https:\/\/printware.com.pe\/tienda\/wp-json\/wp\/v2\/types\/product"}],"version-history":[{"count":0,"href":"https:\/\/printware.com.pe\/tienda\/wp-json\/wp\/v2\/product\/29982\/revisions"}],"wp:featuredmedia":[{"embeddable":true,"href":"https:\/\/printware.com.pe\/tienda\/wp-json\/wp\/v2\/media\/29412"}],"wp:attachment":[{"href":"https:\/\/printware.com.pe\/tienda\/wp-json\/wp\/v2\/media?parent=29982"}],"wp:term":[{"taxonomy":"product_brand","embeddable":true,"href":"https:\/\/printware.com.pe\/tienda\/wp-json\/wp\/v2\/product_brand?post=29982"},{"taxonomy":"product_cat","embeddable":true,"href":"https:\/\/printware.com.pe\/tienda\/wp-json\/wp\/v2\/product_cat?post=29982"},{"taxonomy":"product_tag","embeddable":true,"href":"https:\/\/printware.com.pe\/tienda\/wp-json\/wp\/v2\/product_tag?post=29982"}],"curies":[{"name":"wp","href":"https:\/\/api.w.org\/{rel}","templated":true}]}}