{"id":29996,"date":"2025-10-09T22:05:58","date_gmt":"2025-10-10T03:05:58","guid":{"rendered":"https:\/\/stage.monkey.pe\/printware\/product\/toner-b315-black-high\/"},"modified":"2025-11-14T16:37:09","modified_gmt":"2025-11-14T21:37:09","slug":"toner-b315-black-high","status":"publish","type":"product","link":"https:\/\/printware.com.pe\/tienda\/producto\/toner-b315-black-high\/","title":{"rendered":"T\u00f3ner B315 Black high"},"content":{"rendered":"<p>El T\u00f3ner Original XEROX color negro con un rendimiento de 15,000 p\u00e1ginas ha sido especialmente formulado y probado para proporcionar la mejor calidad de impresi\u00f3n para el usuario. T\u00f3ner para las impresoras B315<\/p>\n","protected":false},"excerpt":{"rendered":"<p>T\u00f3ner B315 Black high 15,000 impresiones<br \/>\nPrecio referencial en d\u00f3lares: USD $191.75<\/p>\n","protected":false},"featured_media":30095,"template":"","meta":[],"product_brand":[217],"product_cat":[243],"product_tag":[],"class_list":{"0":"post-29996","1":"product","2":"type-product","3":"status-publish","4":"has-post-thumbnail","6":"product_brand-xerox","7":"product_cat-toner","9":"first","10":"instock","11":"taxable","12":"shipping-taxable","13":"purchasable","14":"product-type-simple"},"_links":{"self":[{"href":"https:\/\/printware.com.pe\/tienda\/wp-json\/wp\/v2\/product\/29996","targetHints":{"allow":["GET"]}}],"collection":[{"href":"https:\/\/printware.com.pe\/tienda\/wp-json\/wp\/v2\/product"}],"about":[{"href":"https:\/\/printware.com.pe\/tienda\/wp-json\/wp\/v2\/types\/product"}],"version-history":[{"count":1,"href":"https:\/\/printware.com.pe\/tienda\/wp-json\/wp\/v2\/product\/29996\/revisions"}],"predecessor-version":[{"id":30096,"href":"https:\/\/printware.com.pe\/tienda\/wp-json\/wp\/v2\/product\/29996\/revisions\/30096"}],"wp:featuredmedia":[{"embeddable":true,"href":"https:\/\/printware.com.pe\/tienda\/wp-json\/wp\/v2\/media\/30095"}],"wp:attachment":[{"href":"https:\/\/printware.com.pe\/tienda\/wp-json\/wp\/v2\/media?parent=29996"}],"wp:term":[{"taxonomy":"product_brand","embeddable":true,"href":"https:\/\/printware.com.pe\/tienda\/wp-json\/wp\/v2\/product_brand?post=29996"},{"taxonomy":"product_cat","embeddable":true,"href":"https:\/\/printware.com.pe\/tienda\/wp-json\/wp\/v2\/product_cat?post=29996"},{"taxonomy":"product_tag","embeddable":true,"href":"https:\/\/printware.com.pe\/tienda\/wp-json\/wp\/v2\/product_tag?post=29996"}],"curies":[{"name":"wp","href":"https:\/\/api.w.org\/{rel}","templated":true}]}}