{"id":29997,"date":"2025-10-09T22:05:59","date_gmt":"2025-10-10T03:05:59","guid":{"rendered":"https:\/\/stage.monkey.pe\/printware\/product\/toner-black-bm5115\/"},"modified":"2025-10-23T11:44:15","modified_gmt":"2025-10-23T16:44:15","slug":"toner-black-bm5115","status":"publish","type":"product","link":"https:\/\/printware.com.pe\/tienda\/producto\/toner-black-bm5115\/","title":{"rendered":"T\u00f3ner Black BM5115"},"content":{"rendered":"<p>Cartucho de toner Pantum oiginal color negro. Pantum proporciona calidad a un costo muy competitivo por su tecnolog\u00eda de impresion eficiente e innovadora. Con un rendimiento de impresi\u00f3n de 15,000 p\u00e1ginas este t\u00f3ner est\u00e1 dise\u00f1ado para las impresoras BM5115<\/p>\n","protected":false},"excerpt":{"rendered":"<p>T\u00f3ner Black BM5115 15,000 paginas<br \/>\nPrecio referencial en d\u00f3lares: USD $90.66<\/p>\n","protected":false},"featured_media":30088,"template":"","meta":[],"product_brand":[216],"product_cat":[243],"product_tag":[],"class_list":{"0":"post-29997","1":"product","2":"type-product","3":"status-publish","4":"has-post-thumbnail","6":"product_brand-pantum","7":"product_cat-toner","9":"first","10":"instock","11":"taxable","12":"shipping-taxable","13":"purchasable","14":"product-type-simple"},"_links":{"self":[{"href":"https:\/\/printware.com.pe\/tienda\/wp-json\/wp\/v2\/product\/29997","targetHints":{"allow":["GET"]}}],"collection":[{"href":"https:\/\/printware.com.pe\/tienda\/wp-json\/wp\/v2\/product"}],"about":[{"href":"https:\/\/printware.com.pe\/tienda\/wp-json\/wp\/v2\/types\/product"}],"version-history":[{"count":1,"href":"https:\/\/printware.com.pe\/tienda\/wp-json\/wp\/v2\/product\/29997\/revisions"}],"predecessor-version":[{"id":30089,"href":"https:\/\/printware.com.pe\/tienda\/wp-json\/wp\/v2\/product\/29997\/revisions\/30089"}],"wp:featuredmedia":[{"embeddable":true,"href":"https:\/\/printware.com.pe\/tienda\/wp-json\/wp\/v2\/media\/30088"}],"wp:attachment":[{"href":"https:\/\/printware.com.pe\/tienda\/wp-json\/wp\/v2\/media?parent=29997"}],"wp:term":[{"taxonomy":"product_brand","embeddable":true,"href":"https:\/\/printware.com.pe\/tienda\/wp-json\/wp\/v2\/product_brand?post=29997"},{"taxonomy":"product_cat","embeddable":true,"href":"https:\/\/printware.com.pe\/tienda\/wp-json\/wp\/v2\/product_cat?post=29997"},{"taxonomy":"product_tag","embeddable":true,"href":"https:\/\/printware.com.pe\/tienda\/wp-json\/wp\/v2\/product_tag?post=29997"}],"curies":[{"name":"wp","href":"https:\/\/api.w.org\/{rel}","templated":true}]}}