{"id":30162,"date":"2025-11-04T15:59:30","date_gmt":"2025-11-04T20:59:30","guid":{"rendered":"https:\/\/printware.com.pe\/tienda\/?post_type=product&#038;p=30162"},"modified":"2026-01-17T21:39:54","modified_gmt":"2026-01-18T02:39:54","slug":"extension-de-garantia-1-ano-adicional-para-c5810-c5891-m5899","status":"publish","type":"product","link":"https:\/\/printware.com.pe\/tienda\/producto\/extension-de-garantia-1-ano-adicional-para-c5810-c5891-m5899\/","title":{"rendered":"Extensi\u00f3n de garant\u00eda: 1 a\u00f1o adicional para impresoras C800\/C5810\/C5890\/C5891\/M5899"},"content":{"rendered":"<p><strong>El servicio incluye<\/strong><\/p>\n<p>Reparaci\u00f3n y cambio de repuestos en los talleres de PRINTWARE para lo cual el cliente deber\u00e1 acercarse con el equipo o asumir los gastos de traslado del mismo. Una vez reparado el equipo, el cliente debe recogerlo o asumir los costos de traslado.<\/p>\n<p><strong>Este servicio NO contempla:<\/strong><br \/>\nDa\u00f1o o falla de partes y piezas ocasionados por personal del cliente, o terceros no<br \/>\ncertificados por Epson, por desconocimiento de los procedimientos de operaci\u00f3n de este.<br \/>\nDa\u00f1o o falla de partes y piezas originadas por:\u00a0 mal uso o uso inadecuado del equipo, golpes, maltratos, derramamiento de l\u00edquido, roturas,<br \/>\npresencia de insectos, uso de papel inadecuado, configuraci\u00f3n inadecuada u err\u00f3nea del equipo o computadores personales (laptop \/ PC).<br \/>\nDa\u00f1o o falla de partes y piezas como consecuencia de casos fortuitos, tales como inundaciones, incendios, terremotos, sobrevoltajes, incrementos de voltaje, corto circuitos, mala calidad de la instalaci\u00f3n el\u00e9ctrica, entre otros.<\/p>\n<p>No incluye el traslado a nuestro centro de reparaciones ni la devoluci\u00f3n de la impresora.<\/p>\n","protected":false},"excerpt":{"rendered":"<p>Extiende la garant\u00eda de tu impresora por 1 a\u00f1o adicional a la garant\u00eda base y si\u00e9ntete protegido ante cualquier falla de f\u00e1brica o desperfecto.<\/p>\n","protected":false},"featured_media":30163,"template":"","meta":[],"product_brand":[215],"product_cat":[262],"product_tag":[],"class_list":{"0":"post-30162","1":"product","2":"type-product","3":"status-publish","4":"has-post-thumbnail","6":"product_brand-epson","7":"product_cat-servicios","9":"first","10":"instock","11":"virtual","12":"taxable","13":"purchasable","14":"product-type-simple"},"_links":{"self":[{"href":"https:\/\/printware.com.pe\/tienda\/wp-json\/wp\/v2\/product\/30162","targetHints":{"allow":["GET"]}}],"collection":[{"href":"https:\/\/printware.com.pe\/tienda\/wp-json\/wp\/v2\/product"}],"about":[{"href":"https:\/\/printware.com.pe\/tienda\/wp-json\/wp\/v2\/types\/product"}],"version-history":[{"count":4,"href":"https:\/\/printware.com.pe\/tienda\/wp-json\/wp\/v2\/product\/30162\/revisions"}],"predecessor-version":[{"id":30170,"href":"https:\/\/printware.com.pe\/tienda\/wp-json\/wp\/v2\/product\/30162\/revisions\/30170"}],"wp:featuredmedia":[{"embeddable":true,"href":"https:\/\/printware.com.pe\/tienda\/wp-json\/wp\/v2\/media\/30163"}],"wp:attachment":[{"href":"https:\/\/printware.com.pe\/tienda\/wp-json\/wp\/v2\/media?parent=30162"}],"wp:term":[{"taxonomy":"product_brand","embeddable":true,"href":"https:\/\/printware.com.pe\/tienda\/wp-json\/wp\/v2\/product_brand?post=30162"},{"taxonomy":"product_cat","embeddable":true,"href":"https:\/\/printware.com.pe\/tienda\/wp-json\/wp\/v2\/product_cat?post=30162"},{"taxonomy":"product_tag","embeddable":true,"href":"https:\/\/printware.com.pe\/tienda\/wp-json\/wp\/v2\/product_tag?post=30162"}],"curies":[{"name":"wp","href":"https:\/\/api.w.org\/{rel}","templated":true}]}}