{"id":30203,"date":"2025-11-06T17:36:39","date_gmt":"2025-11-06T22:36:39","guid":{"rendered":"https:\/\/printware.com.pe\/tienda\/?post_type=product&#038;p=30203"},"modified":"2026-02-05T10:03:19","modified_gmt":"2026-02-05T15:03:19","slug":"cartucho-de-tinta-negro-para-6590","status":"publish","type":"product","link":"https:\/\/printware.com.pe\/tienda\/producto\/cartucho-de-tinta-negro-para-6590\/","title":{"rendered":"Cartucho de tinta negro para 6590"},"content":{"rendered":"<p>Cartucho de Tinta Original Epson negro para las impresoras 6590 es un suministro eficiente, econ\u00f3mico y sostenible para los usuarios que buscan calidad profesional en impresi\u00f3n a color. Dise\u00f1ada para ofrecer resultados n\u00edtidos, brillantes y confiables en cada impresi\u00f3n<\/p>\n","protected":false},"excerpt":{"rendered":"<p>Cartucho de tinta Negro para 6590 &#8211; 10,000 impresiones<br \/>\nPrecio referencial en d\u00f3lares: USD $48.90<\/p>\n","protected":false},"featured_media":30204,"template":"","meta":[],"product_brand":[215],"product_cat":[241],"product_tag":[],"class_list":{"0":"post-30203","1":"product","2":"type-product","3":"status-publish","4":"has-post-thumbnail","6":"product_brand-epson","7":"product_cat-tinta-suministro","9":"first","10":"instock","11":"taxable","12":"shipping-taxable","13":"purchasable","14":"product-type-simple"},"_links":{"self":[{"href":"https:\/\/printware.com.pe\/tienda\/wp-json\/wp\/v2\/product\/30203","targetHints":{"allow":["GET"]}}],"collection":[{"href":"https:\/\/printware.com.pe\/tienda\/wp-json\/wp\/v2\/product"}],"about":[{"href":"https:\/\/printware.com.pe\/tienda\/wp-json\/wp\/v2\/types\/product"}],"version-history":[{"count":1,"href":"https:\/\/printware.com.pe\/tienda\/wp-json\/wp\/v2\/product\/30203\/revisions"}],"predecessor-version":[{"id":30205,"href":"https:\/\/printware.com.pe\/tienda\/wp-json\/wp\/v2\/product\/30203\/revisions\/30205"}],"wp:featuredmedia":[{"embeddable":true,"href":"https:\/\/printware.com.pe\/tienda\/wp-json\/wp\/v2\/media\/30204"}],"wp:attachment":[{"href":"https:\/\/printware.com.pe\/tienda\/wp-json\/wp\/v2\/media?parent=30203"}],"wp:term":[{"taxonomy":"product_brand","embeddable":true,"href":"https:\/\/printware.com.pe\/tienda\/wp-json\/wp\/v2\/product_brand?post=30203"},{"taxonomy":"product_cat","embeddable":true,"href":"https:\/\/printware.com.pe\/tienda\/wp-json\/wp\/v2\/product_cat?post=30203"},{"taxonomy":"product_tag","embeddable":true,"href":"https:\/\/printware.com.pe\/tienda\/wp-json\/wp\/v2\/product_tag?post=30203"}],"curies":[{"name":"wp","href":"https:\/\/api.w.org\/{rel}","templated":true}]}}