{"id":30232,"date":"2025-11-07T15:17:23","date_gmt":"2025-11-07T20:17:23","guid":{"rendered":"https:\/\/printware.com.pe\/tienda\/?post_type=product&#038;p=30232"},"modified":"2026-02-05T10:03:18","modified_gmt":"2026-02-05T15:03:18","slug":"cartucho-de-tinta-cyan-t3170sr","status":"publish","type":"product","link":"https:\/\/printware.com.pe\/tienda\/producto\/cartucho-de-tinta-cyan-t3170sr\/","title":{"rendered":"Cartucho de tinta Cyan T3170SR"},"content":{"rendered":"<p>Las tintas de pigmento de alta capacidad UltraChrome XD2, de pr\u00f3xima generaci\u00f3n, brindan impresiones duraderas con colores brillantes y l\u00edneas n\u00edtidas<\/p>\n","protected":false},"excerpt":{"rendered":"<p>Cartucho de tinta cyan 50ml UltraChrome XD2 para T3170SR<br \/>\nPrecio referencial en d\u00f3lares: USD $49.40<\/p>\n","protected":false},"featured_media":30233,"template":"","meta":[],"product_brand":[215],"product_cat":[241],"product_tag":[],"class_list":{"0":"post-30232","1":"product","2":"type-product","3":"status-publish","4":"has-post-thumbnail","6":"product_brand-epson","7":"product_cat-tinta-suministro","9":"first","10":"instock","11":"taxable","12":"shipping-taxable","13":"purchasable","14":"product-type-simple"},"_links":{"self":[{"href":"https:\/\/printware.com.pe\/tienda\/wp-json\/wp\/v2\/product\/30232","targetHints":{"allow":["GET"]}}],"collection":[{"href":"https:\/\/printware.com.pe\/tienda\/wp-json\/wp\/v2\/product"}],"about":[{"href":"https:\/\/printware.com.pe\/tienda\/wp-json\/wp\/v2\/types\/product"}],"version-history":[{"count":1,"href":"https:\/\/printware.com.pe\/tienda\/wp-json\/wp\/v2\/product\/30232\/revisions"}],"predecessor-version":[{"id":30234,"href":"https:\/\/printware.com.pe\/tienda\/wp-json\/wp\/v2\/product\/30232\/revisions\/30234"}],"wp:featuredmedia":[{"embeddable":true,"href":"https:\/\/printware.com.pe\/tienda\/wp-json\/wp\/v2\/media\/30233"}],"wp:attachment":[{"href":"https:\/\/printware.com.pe\/tienda\/wp-json\/wp\/v2\/media?parent=30232"}],"wp:term":[{"taxonomy":"product_brand","embeddable":true,"href":"https:\/\/printware.com.pe\/tienda\/wp-json\/wp\/v2\/product_brand?post=30232"},{"taxonomy":"product_cat","embeddable":true,"href":"https:\/\/printware.com.pe\/tienda\/wp-json\/wp\/v2\/product_cat?post=30232"},{"taxonomy":"product_tag","embeddable":true,"href":"https:\/\/printware.com.pe\/tienda\/wp-json\/wp\/v2\/product_tag?post=30232"}],"curies":[{"name":"wp","href":"https:\/\/api.w.org\/{rel}","templated":true}]}}