{"id":30244,"date":"2025-11-07T15:27:14","date_gmt":"2025-11-07T20:27:14","guid":{"rendered":"https:\/\/printware.com.pe\/tienda\/?post_type=product&#038;p=30244"},"modified":"2026-01-29T14:13:16","modified_gmt":"2026-01-29T19:13:16","slug":"botella-de-tinta-cyan-t3170x","status":"publish","type":"product","link":"https:\/\/printware.com.pe\/tienda\/producto\/botella-de-tinta-cyan-t3170x\/","title":{"rendered":"Botella de tinta Cyan T3170X"},"content":{"rendered":"<p>Botellas de tinta exclusivas con sistema \u00fanico de llenado por color.<br \/>\nLas tintas, los papeles especiales y las impresoras Epson est\u00e1n dise\u00f1ados para trabajar juntos y as\u00ed lograr los mejores resultados.<\/p>\n","protected":false},"excerpt":{"rendered":"<p>Botella de tinta cyan EcoFit 140ml para T3170X<br \/>\nPrecio referencial en d\u00f3lares: USD $28.81<\/p>\n","protected":false},"featured_media":30245,"template":"","meta":[],"product_brand":[215],"product_cat":[241],"product_tag":[],"class_list":{"0":"post-30244","1":"product","2":"type-product","3":"status-publish","4":"has-post-thumbnail","6":"product_brand-epson","7":"product_cat-tinta-suministro","9":"first","10":"instock","11":"taxable","12":"shipping-taxable","13":"purchasable","14":"product-type-simple"},"_links":{"self":[{"href":"https:\/\/printware.com.pe\/tienda\/wp-json\/wp\/v2\/product\/30244","targetHints":{"allow":["GET"]}}],"collection":[{"href":"https:\/\/printware.com.pe\/tienda\/wp-json\/wp\/v2\/product"}],"about":[{"href":"https:\/\/printware.com.pe\/tienda\/wp-json\/wp\/v2\/types\/product"}],"version-history":[{"count":2,"href":"https:\/\/printware.com.pe\/tienda\/wp-json\/wp\/v2\/product\/30244\/revisions"}],"predecessor-version":[{"id":30671,"href":"https:\/\/printware.com.pe\/tienda\/wp-json\/wp\/v2\/product\/30244\/revisions\/30671"}],"wp:featuredmedia":[{"embeddable":true,"href":"https:\/\/printware.com.pe\/tienda\/wp-json\/wp\/v2\/media\/30245"}],"wp:attachment":[{"href":"https:\/\/printware.com.pe\/tienda\/wp-json\/wp\/v2\/media?parent=30244"}],"wp:term":[{"taxonomy":"product_brand","embeddable":true,"href":"https:\/\/printware.com.pe\/tienda\/wp-json\/wp\/v2\/product_brand?post=30244"},{"taxonomy":"product_cat","embeddable":true,"href":"https:\/\/printware.com.pe\/tienda\/wp-json\/wp\/v2\/product_cat?post=30244"},{"taxonomy":"product_tag","embeddable":true,"href":"https:\/\/printware.com.pe\/tienda\/wp-json\/wp\/v2\/product_tag?post=30244"}],"curies":[{"name":"wp","href":"https:\/\/api.w.org\/{rel}","templated":true}]}}