{"id":30322,"date":"2025-11-18T12:08:44","date_gmt":"2025-11-18T17:08:44","guid":{"rendered":"https:\/\/printware.com.pe\/tienda\/?post_type=product&#038;p=30322"},"modified":"2025-11-18T12:43:37","modified_gmt":"2025-11-18T17:43:37","slug":"licencia-epa-core-para-5-impresoras-epson-epson-print-admin","status":"publish","type":"product","link":"https:\/\/printware.com.pe\/tienda\/producto\/licencia-epa-core-para-5-impresoras-epson-epson-print-admin\/","title":{"rendered":"Licencia EPA Core para 5 impresoras EPSON (Epson Print Admin)"},"content":{"rendered":"<p><strong>El servicio incluye<\/strong><\/p>\n<p>Visita a domicilio por un t\u00e9cnico certificado en EPSON<\/p>\n<ul>\n<li>Instalaci\u00f3n de la licencia Core en un servidor Windows compatible<\/li>\n<li>Configuraci\u00f3n de hasta 05 impresoras<\/li>\n<li>Configuraci\u00f3n de hasta 05 PC\/laptops con las colas de impresi\u00f3n<\/li>\n<li>Creaci\u00f3n de hasta 5 usuarios de impresi\u00f3n.<\/li>\n<li>Capacitaci\u00f3n en la instalaci\u00f3n para Pc adicionales<\/li>\n<li>Capacitaci\u00f3n para la generaci\u00f3n de reportes de impresi\u00f3n.<\/li>\n<li>Capacitaci\u00f3n para la creaci\u00f3n de usuarios de impresi\u00f3n.<\/li>\n<\/ul>\n<p>Requisitos de instalaci\u00f3n<br \/>\nServidor f\u00edsico o virtual debidamente licenciado con Windows Server<br \/>\nServidor dedicado, no compartido con otros motores<br \/>\n&#8212;&#8212;&#8212;&#8212;-o&#8212;&#8212;&#8212;&#8212;&#8212;&#8212;&#8212;-<br \/>\nProcesador: 2.0 GHz o m\u00e1s r\u00e1pido<br \/>\nRAM: 2 GB como m\u00ednimo<br \/>\nEspacio disponible en disco duro: 50 GB o m\u00e1s<\/p>\n<p>Windows Server\u00ae 2008 (32 y 64 bits)\/R2, 2012\/R2, 2016<br \/>\nMicrosoft SQL Server 2014 Express**\/2008\/R2, 2012, 2014, 2016<br \/>\nMicrosoft IIS Web Server<br \/>\nMicrosoft .NET Framework 4.5 o una versi\u00f3n posterior<br \/>\nCompatibilidad: Active Directory\/OpenLDAP<br \/>\nEntorno virtual: Hyper-V y VMware vSphere (versiones 4.1, 5.5 y 6.0)<\/p>\n","protected":false},"excerpt":{"rendered":"<p>Caracter\u00edsticas principales<strong> -&gt; licencia para 5\u00a0 impresora con usuarios ilimitados.<\/strong><\/p>\n<p>1.- Pol\u00edticas de impresi\u00f3n con reglas &#8211; Controle sus costos de impresi\u00f3n y copiado a color por dispositivo y\/o por usuario colocando l\u00edmites m\u00e1ximos en cantidad de p\u00e1ginas que cada uno puede imprimir<br \/>\n2.- Liberaci\u00f3n Segura y Pull Printing &#8211; Luego de enviar la impresi\u00f3n, esta no se libera si no hasta que el usuario coloque un PIN seguro en la impresora donde desea liberar su impresi\u00f3n<br \/>\n3.- Controle riesgos al proteger sus equipos &#8211; Solo se puede usar las impresoras luego de que cada usuario se autentifique con un PIN \u00fanico y seguro. De esta forma se evita que las impresoras sean usadas por personal no deseado.<\/p>\n<p>Permite la generaci\u00f3n de reportes detallados por usuario, impresora o centros de costo -&gt; Cantidad de paginas, fecha y hora de impresi\u00f3n, nombre de los archivos impresos, extensiones de los archivos impresos (etc.)<\/p>\n<p>Mayor detalle:<\/p>\n<p>https:\/\/bit.ly\/4rebEIz<\/p>\n","protected":false},"featured_media":30323,"template":"","meta":[],"product_brand":[215],"product_cat":[262],"product_tag":[105],"class_list":{"0":"post-30322","1":"product","2":"type-product","3":"status-publish","4":"has-post-thumbnail","6":"product_brand-epson","7":"product_cat-servicios","8":"product_tag-oficina-color-a3-economico","10":"first","11":"instock","12":"virtual","13":"taxable","14":"purchasable","15":"product-type-simple"},"_links":{"self":[{"href":"https:\/\/printware.com.pe\/tienda\/wp-json\/wp\/v2\/product\/30322","targetHints":{"allow":["GET"]}}],"collection":[{"href":"https:\/\/printware.com.pe\/tienda\/wp-json\/wp\/v2\/product"}],"about":[{"href":"https:\/\/printware.com.pe\/tienda\/wp-json\/wp\/v2\/types\/product"}],"version-history":[{"count":4,"href":"https:\/\/printware.com.pe\/tienda\/wp-json\/wp\/v2\/product\/30322\/revisions"}],"predecessor-version":[{"id":30329,"href":"https:\/\/printware.com.pe\/tienda\/wp-json\/wp\/v2\/product\/30322\/revisions\/30329"}],"wp:featuredmedia":[{"embeddable":true,"href":"https:\/\/printware.com.pe\/tienda\/wp-json\/wp\/v2\/media\/30323"}],"wp:attachment":[{"href":"https:\/\/printware.com.pe\/tienda\/wp-json\/wp\/v2\/media?parent=30322"}],"wp:term":[{"taxonomy":"product_brand","embeddable":true,"href":"https:\/\/printware.com.pe\/tienda\/wp-json\/wp\/v2\/product_brand?post=30322"},{"taxonomy":"product_cat","embeddable":true,"href":"https:\/\/printware.com.pe\/tienda\/wp-json\/wp\/v2\/product_cat?post=30322"},{"taxonomy":"product_tag","embeddable":true,"href":"https:\/\/printware.com.pe\/tienda\/wp-json\/wp\/v2\/product_tag?post=30322"}],"curies":[{"name":"wp","href":"https:\/\/api.w.org\/{rel}","templated":true}]}}