{"id":30371,"date":"2025-11-25T16:54:31","date_gmt":"2025-11-25T21:54:31","guid":{"rendered":"https:\/\/printware.com.pe\/tienda\/?post_type=product&#038;p=30371"},"modified":"2025-12-10T12:16:28","modified_gmt":"2025-12-10T17:16:28","slug":"ecotank-l6490","status":"publish","type":"product","link":"https:\/\/printware.com.pe\/tienda\/producto\/ecotank-l6490\/","title":{"rendered":"EcoTank L6490"},"content":{"rendered":"<p>Con la tecnolog\u00eda PrecisionCore Heat-Free\u00ae, La impresora multifuncional EcoTank L6490 tiene un dise\u00f1o compacto para impresiones r\u00e1pidas y a bajo costo con menos intervenciones y tiempo de inactividad.<br \/>\nCuenta con capacidad de hasta 250 hojas en las dos bandejas frontales con botellas de reemplazo de tinta que permiten imprimir hasta 7.500 p\u00e1ginas ISO (negro) y hasta 6.000 p\u00e1ginas ISO (color).\u00a0 La L6490 tiene un ciclo de trabajo mensual de hasta 1.500 p\u00e1ginas al mes y un ciclo de trabajo m\u00e1ximo de hasta 20.000 p\u00e1ginas al mes.<\/p>\n","protected":false},"excerpt":{"rendered":"<p>Impresora Multifuncional A4 a Colores para grupos de trabajo de 1 a 5 personas<br \/>\nPrecio referencial en d\u00f3lares: USD 493.55<\/p>\n","protected":false},"featured_media":30375,"template":"","meta":[],"product_brand":[215],"product_cat":[222],"product_tag":[107,101],"class_list":{"0":"post-30371","1":"product","2":"type-product","3":"status-publish","4":"has-post-thumbnail","6":"product_brand-epson","7":"product_cat-a4","8":"product_tag-oficina-color-a4-economico","9":"product_tag-pequeno-color-economica","11":"first","12":"outofstock","13":"taxable","14":"shipping-taxable","15":"purchasable","16":"product-type-simple"},"_links":{"self":[{"href":"https:\/\/printware.com.pe\/tienda\/wp-json\/wp\/v2\/product\/30371","targetHints":{"allow":["GET"]}}],"collection":[{"href":"https:\/\/printware.com.pe\/tienda\/wp-json\/wp\/v2\/product"}],"about":[{"href":"https:\/\/printware.com.pe\/tienda\/wp-json\/wp\/v2\/types\/product"}],"version-history":[{"count":2,"href":"https:\/\/printware.com.pe\/tienda\/wp-json\/wp\/v2\/product\/30371\/revisions"}],"predecessor-version":[{"id":30397,"href":"https:\/\/printware.com.pe\/tienda\/wp-json\/wp\/v2\/product\/30371\/revisions\/30397"}],"wp:featuredmedia":[{"embeddable":true,"href":"https:\/\/printware.com.pe\/tienda\/wp-json\/wp\/v2\/media\/30375"}],"wp:attachment":[{"href":"https:\/\/printware.com.pe\/tienda\/wp-json\/wp\/v2\/media?parent=30371"}],"wp:term":[{"taxonomy":"product_brand","embeddable":true,"href":"https:\/\/printware.com.pe\/tienda\/wp-json\/wp\/v2\/product_brand?post=30371"},{"taxonomy":"product_cat","embeddable":true,"href":"https:\/\/printware.com.pe\/tienda\/wp-json\/wp\/v2\/product_cat?post=30371"},{"taxonomy":"product_tag","embeddable":true,"href":"https:\/\/printware.com.pe\/tienda\/wp-json\/wp\/v2\/product_tag?post=30371"}],"curies":[{"name":"wp","href":"https:\/\/api.w.org\/{rel}","templated":true}]}}