{"id":30390,"date":"2025-11-25T17:26:35","date_gmt":"2025-11-25T22:26:35","guid":{"rendered":"https:\/\/printware.com.pe\/tienda\/?post_type=product&#038;p=30390"},"modified":"2026-02-04T09:31:34","modified_gmt":"2026-02-04T14:31:34","slug":"ecotank-m1180","status":"publish","type":"product","link":"https:\/\/printware.com.pe\/tienda\/producto\/ecotank-m1180\/","title":{"rendered":"EcoTank M1180"},"content":{"rendered":"<p>La impresora monocrom\u00e1tica para grupos de trabajo est\u00e1 dise\u00f1ada para crear impresiones de calidad profesional a un ultra bajo costo para su empresa gracias a la innovadora tecnolog\u00eda de botellas de tinta. Disfrute de impresiones ultra n\u00edtidas gracias a la tecnolog\u00eda PrecisionCore\u00ae y aumente su productividad con las impresoras m\u00e1s r\u00e1pidas de su clase. F\u00e1cil de integrar a grupos de trabajo de alta productividad con su conectividad WiFi y Ethernet. Tecnolog\u00eda de tinta continua recargable con tinta original EPSON<\/p>\n","protected":false},"excerpt":{"rendered":"<p>Impresora A4 Monocrom\u00e1tica para grupos de trabajo de 1 a 5 personas<br \/>\nPrecio referencial en d\u00f3lares: USD $410.91<\/p>\n","protected":false},"featured_media":30391,"template":"","meta":[],"product_brand":[215],"product_cat":[224],"product_tag":[93,103,99],"class_list":{"0":"post-30390","1":"product","2":"type-product","3":"status-publish","4":"has-post-thumbnail","6":"product_brand-epson","7":"product_cat-a4-monocromatica","8":"product_tag-hogar-bn-economica","9":"product_tag-oficina-bn-economica","10":"product_tag-pequeno-bn-economica","12":"first","13":"outofstock","14":"taxable","15":"shipping-taxable","16":"purchasable","17":"product-type-simple"},"_links":{"self":[{"href":"https:\/\/printware.com.pe\/tienda\/wp-json\/wp\/v2\/product\/30390","targetHints":{"allow":["GET"]}}],"collection":[{"href":"https:\/\/printware.com.pe\/tienda\/wp-json\/wp\/v2\/product"}],"about":[{"href":"https:\/\/printware.com.pe\/tienda\/wp-json\/wp\/v2\/types\/product"}],"version-history":[{"count":1,"href":"https:\/\/printware.com.pe\/tienda\/wp-json\/wp\/v2\/product\/30390\/revisions"}],"predecessor-version":[{"id":30394,"href":"https:\/\/printware.com.pe\/tienda\/wp-json\/wp\/v2\/product\/30390\/revisions\/30394"}],"wp:featuredmedia":[{"embeddable":true,"href":"https:\/\/printware.com.pe\/tienda\/wp-json\/wp\/v2\/media\/30391"}],"wp:attachment":[{"href":"https:\/\/printware.com.pe\/tienda\/wp-json\/wp\/v2\/media?parent=30390"}],"wp:term":[{"taxonomy":"product_brand","embeddable":true,"href":"https:\/\/printware.com.pe\/tienda\/wp-json\/wp\/v2\/product_brand?post=30390"},{"taxonomy":"product_cat","embeddable":true,"href":"https:\/\/printware.com.pe\/tienda\/wp-json\/wp\/v2\/product_cat?post=30390"},{"taxonomy":"product_tag","embeddable":true,"href":"https:\/\/printware.com.pe\/tienda\/wp-json\/wp\/v2\/product_tag?post=30390"}],"curies":[{"name":"wp","href":"https:\/\/api.w.org\/{rel}","templated":true}]}}