{"id":30405,"date":"2025-12-10T09:07:57","date_gmt":"2025-12-10T14:07:57","guid":{"rendered":"https:\/\/printware.com.pe\/tienda\/?post_type=product&#038;p=30405"},"modified":"2025-12-10T11:57:28","modified_gmt":"2025-12-10T16:57:28","slug":"soporte-y-asistencia-remota-por-1-ano-epson-xerox-y-pantum","status":"publish","type":"product","link":"https:\/\/printware.com.pe\/tienda\/producto\/soporte-y-asistencia-remota-por-1-ano-epson-xerox-y-pantum\/","title":{"rendered":"Soporte y asistencia remota por 1 a\u00f1o (Epson, Xerox y Pantum)"},"content":{"rendered":"<p><strong>El servicio incluye<\/strong><\/p>\n<p>Soporte y asistencia remota para equipos EPSON, XEROX y PANTUM<\/p>\n<p>El servicio tiene 1 a\u00f1o de vigencia desde la compra del producto.<\/p>\n<ul>\n<li>Asistencia por WhatsApp<\/li>\n<li>Atenci\u00f3n remota v\u00eda AnyDesk<\/li>\n<li>Correo de soporte para consultas<\/li>\n<\/ul>\n<p><strong>Este servicio NO contempla:<\/strong><\/p>\n<ul>\n<li>Repuestos de ningun tipo<\/li>\n<li>Suministros (tintas ni t\u00f3ner)<\/li>\n<li>traslados de equipo a taller<\/li>\n<li>Visitas presenciales<\/li>\n<\/ul>\n","protected":false},"excerpt":{"rendered":"<p>Benef\u00edciate de 1 a\u00f1o de soporte remoto para la reinstalaci\u00f3n de drivers, configuraciones de red, asistencia por atascos de papel, cambio de suministros o simplemente dudas sobre el funcionamiento de tu impresora.<\/p>\n<p>Con este servicio tendr\u00e1s siempre un soporte a la mano.<\/p>\n","protected":false},"featured_media":30406,"template":"","meta":[],"product_brand":[],"product_cat":[262],"product_tag":[93,97,105,99,101],"class_list":{"0":"post-30405","1":"product","2":"type-product","3":"status-publish","4":"has-post-thumbnail","6":"product_cat-servicios","7":"product_tag-hogar-bn-economica","8":"product_tag-hogar-color-economica","9":"product_tag-oficina-color-a3-economico","10":"product_tag-pequeno-bn-economica","11":"product_tag-pequeno-color-economica","13":"first","14":"instock","15":"virtual","16":"taxable","17":"purchasable","18":"product-type-simple"},"_links":{"self":[{"href":"https:\/\/printware.com.pe\/tienda\/wp-json\/wp\/v2\/product\/30405","targetHints":{"allow":["GET"]}}],"collection":[{"href":"https:\/\/printware.com.pe\/tienda\/wp-json\/wp\/v2\/product"}],"about":[{"href":"https:\/\/printware.com.pe\/tienda\/wp-json\/wp\/v2\/types\/product"}],"version-history":[{"count":1,"href":"https:\/\/printware.com.pe\/tienda\/wp-json\/wp\/v2\/product\/30405\/revisions"}],"predecessor-version":[{"id":30407,"href":"https:\/\/printware.com.pe\/tienda\/wp-json\/wp\/v2\/product\/30405\/revisions\/30407"}],"wp:featuredmedia":[{"embeddable":true,"href":"https:\/\/printware.com.pe\/tienda\/wp-json\/wp\/v2\/media\/30406"}],"wp:attachment":[{"href":"https:\/\/printware.com.pe\/tienda\/wp-json\/wp\/v2\/media?parent=30405"}],"wp:term":[{"taxonomy":"product_brand","embeddable":true,"href":"https:\/\/printware.com.pe\/tienda\/wp-json\/wp\/v2\/product_brand?post=30405"},{"taxonomy":"product_cat","embeddable":true,"href":"https:\/\/printware.com.pe\/tienda\/wp-json\/wp\/v2\/product_cat?post=30405"},{"taxonomy":"product_tag","embeddable":true,"href":"https:\/\/printware.com.pe\/tienda\/wp-json\/wp\/v2\/product_tag?post=30405"}],"curies":[{"name":"wp","href":"https:\/\/api.w.org\/{rel}","templated":true}]}}