{"id":30432,"date":"2026-01-14T18:36:08","date_gmt":"2026-01-14T23:36:08","guid":{"rendered":"https:\/\/printware.com.pe\/tienda\/?post_type=product&#038;p=30432"},"modified":"2026-01-15T01:42:05","modified_gmt":"2026-01-15T06:42:05","slug":"workforce-enterprise-am-c400","status":"publish","type":"product","link":"https:\/\/printware.com.pe\/tienda\/producto\/workforce-enterprise-am-c400\/","title":{"rendered":"WorkForce Enterprise AM-C400"},"content":{"rendered":"<p>La Multifuncional A4 a Color WorkForce\u00ae Enterprise AM-C400 ofrece una poderosa productividad empresarial con velocidades de impresi\u00f3n de 40 ppm ISO (negro\/color) y salida r\u00e1pida de la primera p\u00e1gina. Impulsada por la revolucionaria tecnolog\u00eda PrecisionCore Heat-Free\u00ae, est\u00e1 dise\u00f1ada para ofrecer un proceso de impresi\u00f3n simplificado para una confiabilidad excepcional y un bajo consumo de energ\u00eda.<\/p>\n<p>Dise\u00f1o vers\u00e1til y configurable para colocar sobre el escritorio o en el piso, con opciones de fax y red disponibles. Incluye una pantalla t\u00e1ctil a color de 10,1&#8243; f\u00e1cil de usar con una interfaz de usuario personalizable. Compatible con soluciones Epson como Epson Device Admin, Epson Print Admin, Epson Remote Services y soluciones de terceros a trav\u00e9s de Open Platform.<\/p>\n","protected":false},"excerpt":{"rendered":"<p>Impresora Multifuncional A4 a Colores para grupos de trabajo de 10 a 50 personas<br \/>\nPrecio referencial en d\u00f3lares: USD $1,870.96<\/p>\n","protected":false},"featured_media":30442,"template":"","meta":[],"product_brand":[215],"product_cat":[222],"product_tag":[107],"class_list":{"0":"post-30432","1":"product","2":"type-product","3":"status-publish","4":"has-post-thumbnail","6":"product_brand-epson","7":"product_cat-a4","8":"product_tag-oficina-color-a4-economico","10":"first","11":"outofstock","12":"taxable","13":"shipping-taxable","14":"purchasable","15":"product-type-simple"},"_links":{"self":[{"href":"https:\/\/printware.com.pe\/tienda\/wp-json\/wp\/v2\/product\/30432","targetHints":{"allow":["GET"]}}],"collection":[{"href":"https:\/\/printware.com.pe\/tienda\/wp-json\/wp\/v2\/product"}],"about":[{"href":"https:\/\/printware.com.pe\/tienda\/wp-json\/wp\/v2\/types\/product"}],"version-history":[{"count":1,"href":"https:\/\/printware.com.pe\/tienda\/wp-json\/wp\/v2\/product\/30432\/revisions"}],"predecessor-version":[{"id":30436,"href":"https:\/\/printware.com.pe\/tienda\/wp-json\/wp\/v2\/product\/30432\/revisions\/30436"}],"wp:featuredmedia":[{"embeddable":true,"href":"https:\/\/printware.com.pe\/tienda\/wp-json\/wp\/v2\/media\/30442"}],"wp:attachment":[{"href":"https:\/\/printware.com.pe\/tienda\/wp-json\/wp\/v2\/media?parent=30432"}],"wp:term":[{"taxonomy":"product_brand","embeddable":true,"href":"https:\/\/printware.com.pe\/tienda\/wp-json\/wp\/v2\/product_brand?post=30432"},{"taxonomy":"product_cat","embeddable":true,"href":"https:\/\/printware.com.pe\/tienda\/wp-json\/wp\/v2\/product_cat?post=30432"},{"taxonomy":"product_tag","embeddable":true,"href":"https:\/\/printware.com.pe\/tienda\/wp-json\/wp\/v2\/product_tag?post=30432"}],"curies":[{"name":"wp","href":"https:\/\/api.w.org\/{rel}","templated":true}]}}