{"id":30507,"date":"2026-01-15T00:02:23","date_gmt":"2026-01-15T05:02:23","guid":{"rendered":"https:\/\/printware.com.pe\/tienda\/?post_type=product&#038;p=30507"},"modified":"2026-01-15T01:44:12","modified_gmt":"2026-01-15T06:44:12","slug":"cartucho-de-tinta-negra-para-am-c4000","status":"publish","type":"product","link":"https:\/\/printware.com.pe\/tienda\/producto\/cartucho-de-tinta-negra-para-am-c4000\/","title":{"rendered":"Cartucho de tinta negra para AM C4000"},"content":{"rendered":"<p>Cartucho de Tinta Original Epson negra para las impresoras AM C4000 es un suministro eficiente, econ\u00f3mico y sostenible para los usuarios que buscan calidad profesional en impresi\u00f3n a color. Dise\u00f1ada para ofrecer resultados n\u00edtidos, brillantes y confiables en cada impresi\u00f3n<\/p>\n","protected":false},"excerpt":{"rendered":"<p>Cartucho de tinta magenta para AM C4000 &#8211; 50,000 impresiones<br \/>\nPrecio referencial en d\u00f3lares: USD $163.73<\/p>\n","protected":false},"featured_media":30450,"template":"","meta":[],"product_brand":[215],"product_cat":[241],"product_tag":[],"class_list":{"0":"post-30507","1":"product","2":"type-product","3":"status-publish","4":"has-post-thumbnail","6":"product_brand-epson","7":"product_cat-tinta-suministro","9":"first","10":"outofstock","11":"taxable","12":"shipping-taxable","13":"purchasable","14":"product-type-simple"},"_links":{"self":[{"href":"https:\/\/printware.com.pe\/tienda\/wp-json\/wp\/v2\/product\/30507","targetHints":{"allow":["GET"]}}],"collection":[{"href":"https:\/\/printware.com.pe\/tienda\/wp-json\/wp\/v2\/product"}],"about":[{"href":"https:\/\/printware.com.pe\/tienda\/wp-json\/wp\/v2\/types\/product"}],"version-history":[{"count":4,"href":"https:\/\/printware.com.pe\/tienda\/wp-json\/wp\/v2\/product\/30507\/revisions"}],"predecessor-version":[{"id":30563,"href":"https:\/\/printware.com.pe\/tienda\/wp-json\/wp\/v2\/product\/30507\/revisions\/30563"}],"wp:featuredmedia":[{"embeddable":true,"href":"https:\/\/printware.com.pe\/tienda\/wp-json\/wp\/v2\/media\/30450"}],"wp:attachment":[{"href":"https:\/\/printware.com.pe\/tienda\/wp-json\/wp\/v2\/media?parent=30507"}],"wp:term":[{"taxonomy":"product_brand","embeddable":true,"href":"https:\/\/printware.com.pe\/tienda\/wp-json\/wp\/v2\/product_brand?post=30507"},{"taxonomy":"product_cat","embeddable":true,"href":"https:\/\/printware.com.pe\/tienda\/wp-json\/wp\/v2\/product_cat?post=30507"},{"taxonomy":"product_tag","embeddable":true,"href":"https:\/\/printware.com.pe\/tienda\/wp-json\/wp\/v2\/product_tag?post=30507"}],"curies":[{"name":"wp","href":"https:\/\/api.w.org\/{rel}","templated":true}]}}