{"id":30539,"date":"2026-01-15T00:48:49","date_gmt":"2026-01-15T05:48:49","guid":{"rendered":"https:\/\/printware.com.pe\/tienda\/?post_type=product&#038;p=30539"},"modified":"2026-01-15T01:44:58","modified_gmt":"2026-01-15T06:44:58","slug":"workforce-enterprise-am-m5500","status":"publish","type":"product","link":"https:\/\/printware.com.pe\/tienda\/producto\/workforce-enterprise-am-m5500\/","title":{"rendered":"WorkForce Enterprise AM-M5500"},"content":{"rendered":"<p>La impresora multifuncional monocrom\u00e1tica WorkForce\u00ae Enterprise AM-M5500 mantiene alta la productividad, con una velocidad de impresi\u00f3n de 55 ISO ppm en negro y una r\u00e1pida salida de la primera p\u00e1gina. Impulsada por la avanzada tecnolog\u00eda PrecisionCore\u00ae de impresi\u00f3n sin calor, est\u00e1 dise\u00f1ada para una fiabilidad excepcional y proporciona una calidad de imagen sobresaliente y texto n\u00edtido. Adem\u00e1s, admite un conjunto completo de funciones avanzadas de seguridad y soluciones pr\u00e1cticas para la gesti\u00f3n de impresi\u00f3n. Con su capacidad para imprimir desde dispositivos m\u00f3viles Android\u00ae e iOS\u00ae3 y un volumen de impresi\u00f3n mensual recomendado (MPV) de 60.000 p\u00e1ginas y capacidad de papel de hasta 5.150 hojas.<br \/>\nEsta Multifuncional de alta productividad es ideal para grupos de trabajo y departamentos que necesitan mantener el negocio en movimiento.<\/p>\n","protected":false},"excerpt":{"rendered":"<p>Impresora Multifuncional A3 a Monocrom\u00e1tica para grupos de trabajo de 10 a 50 personas<br \/>\nPrecio referencial en d\u00f3lares: USD $5,234.95<\/p>\n","protected":false},"featured_media":30546,"template":"","meta":[],"product_brand":[215],"product_cat":[223,273],"product_tag":[103],"class_list":{"0":"post-30539","1":"product","2":"type-product","3":"status-publish","4":"has-post-thumbnail","6":"product_brand-epson","7":"product_cat-monocromatica","8":"product_cat-a3-monocromatica","9":"product_tag-oficina-bn-economica","11":"first","12":"outofstock","13":"taxable","14":"shipping-taxable","15":"purchasable","16":"product-type-simple"},"_links":{"self":[{"href":"https:\/\/printware.com.pe\/tienda\/wp-json\/wp\/v2\/product\/30539","targetHints":{"allow":["GET"]}}],"collection":[{"href":"https:\/\/printware.com.pe\/tienda\/wp-json\/wp\/v2\/product"}],"about":[{"href":"https:\/\/printware.com.pe\/tienda\/wp-json\/wp\/v2\/types\/product"}],"version-history":[{"count":3,"href":"https:\/\/printware.com.pe\/tienda\/wp-json\/wp\/v2\/product\/30539\/revisions"}],"predecessor-version":[{"id":30543,"href":"https:\/\/printware.com.pe\/tienda\/wp-json\/wp\/v2\/product\/30539\/revisions\/30543"}],"wp:featuredmedia":[{"embeddable":true,"href":"https:\/\/printware.com.pe\/tienda\/wp-json\/wp\/v2\/media\/30546"}],"wp:attachment":[{"href":"https:\/\/printware.com.pe\/tienda\/wp-json\/wp\/v2\/media?parent=30539"}],"wp:term":[{"taxonomy":"product_brand","embeddable":true,"href":"https:\/\/printware.com.pe\/tienda\/wp-json\/wp\/v2\/product_brand?post=30539"},{"taxonomy":"product_cat","embeddable":true,"href":"https:\/\/printware.com.pe\/tienda\/wp-json\/wp\/v2\/product_cat?post=30539"},{"taxonomy":"product_tag","embeddable":true,"href":"https:\/\/printware.com.pe\/tienda\/wp-json\/wp\/v2\/product_tag?post=30539"}],"curies":[{"name":"wp","href":"https:\/\/api.w.org\/{rel}","templated":true}]}}