{"id":30570,"date":"2026-01-17T19:48:30","date_gmt":"2026-01-18T00:48:30","guid":{"rendered":"https:\/\/printware.com.pe\/tienda\/?post_type=product&#038;p=30570"},"modified":"2026-01-17T20:51:55","modified_gmt":"2026-01-18T01:51:55","slug":"cartucho-de-tinta-yellow-para-workforce-enterprise-wf-c21000","status":"publish","type":"product","link":"https:\/\/printware.com.pe\/tienda\/producto\/cartucho-de-tinta-yellow-para-workforce-enterprise-wf-c21000\/","title":{"rendered":"Cartucho de tinta yellow para WorkForce Enterprise WF-C21000"},"content":{"rendered":"<p>Cartucho de Tinta Original Epson yellow para la impresora WorkForce Enterprise WF-C21000 es un suministro eficiente, econ\u00f3mico y sostenible para los usuarios que buscan calidad profesional en impresi\u00f3n a color. Dise\u00f1ada para ofrecer resultados n\u00edtidos, brillantes y confiables en cada impresi\u00f3n<\/p>\n","protected":false},"excerpt":{"rendered":"<p>Cartucho de tinta yellow para C21000 &#8211; 50,000 impresiones<br \/>\nPrecio referencial en d\u00f3lares: USD $238.63<\/p>\n","protected":false},"featured_media":30575,"template":"","meta":[],"product_brand":[215],"product_cat":[241],"product_tag":[],"class_list":{"0":"post-30570","1":"product","2":"type-product","3":"status-publish","4":"has-post-thumbnail","6":"product_brand-epson","7":"product_cat-tinta-suministro","9":"first","10":"outofstock","11":"taxable","12":"shipping-taxable","13":"purchasable","14":"product-type-simple"},"_links":{"self":[{"href":"https:\/\/printware.com.pe\/tienda\/wp-json\/wp\/v2\/product\/30570","targetHints":{"allow":["GET"]}}],"collection":[{"href":"https:\/\/printware.com.pe\/tienda\/wp-json\/wp\/v2\/product"}],"about":[{"href":"https:\/\/printware.com.pe\/tienda\/wp-json\/wp\/v2\/types\/product"}],"version-history":[{"count":1,"href":"https:\/\/printware.com.pe\/tienda\/wp-json\/wp\/v2\/product\/30570\/revisions"}],"predecessor-version":[{"id":30576,"href":"https:\/\/printware.com.pe\/tienda\/wp-json\/wp\/v2\/product\/30570\/revisions\/30576"}],"wp:featuredmedia":[{"embeddable":true,"href":"https:\/\/printware.com.pe\/tienda\/wp-json\/wp\/v2\/media\/30575"}],"wp:attachment":[{"href":"https:\/\/printware.com.pe\/tienda\/wp-json\/wp\/v2\/media?parent=30570"}],"wp:term":[{"taxonomy":"product_brand","embeddable":true,"href":"https:\/\/printware.com.pe\/tienda\/wp-json\/wp\/v2\/product_brand?post=30570"},{"taxonomy":"product_cat","embeddable":true,"href":"https:\/\/printware.com.pe\/tienda\/wp-json\/wp\/v2\/product_cat?post=30570"},{"taxonomy":"product_tag","embeddable":true,"href":"https:\/\/printware.com.pe\/tienda\/wp-json\/wp\/v2\/product_tag?post=30570"}],"curies":[{"name":"wp","href":"https:\/\/api.w.org\/{rel}","templated":true}]}}