{"id":30590,"date":"2026-01-17T21:14:09","date_gmt":"2026-01-18T02:14:09","guid":{"rendered":"https:\/\/printware.com.pe\/tienda\/?post_type=product&#038;p=30590"},"modified":"2026-01-30T10:18:54","modified_gmt":"2026-01-30T15:18:54","slug":"workforce-enterprise-c21000","status":"publish","type":"product","link":"https:\/\/printware.com.pe\/tienda\/producto\/workforce-enterprise-c21000\/","title":{"rendered":"WorkForce Enterprise WF C21000"},"content":{"rendered":"<p>Revolucionando la productividad empresarial, la impresora multifuncional en color WorkForce Enterprise WF-C21000 imprime a 100 ppm ISO, la velocidad de impresi\u00f3n m\u00e1s r\u00e1pida de su clase. Con tecnolog\u00eda PrecisionCore\u00ae Heat-Free, ofrece una confiabilidad notable con tecnolog\u00eda de verificaci\u00f3n de boquillas con detecci\u00f3n autom\u00e1tica y un completa suite de funciones con seguridad avanzada. Un caballo de batalla de inyecci\u00f3n de tinta potente pero eficiente, presenta el menor consumo de energ\u00eda de su clase. Y es compatible con c\u00f3modas soluciones de gesti\u00f3n de impresi\u00f3n. Imprima desde dispositivos m\u00f3viles Chrome e iOS\u00ae . Con una capacidad m\u00e1xima de papel de 5.350 p\u00e1ginas, esta impresora multifunci\u00f3n de alto rendimiento tiene todo lo que necesitan los grandes grupos de trabajo y departamentos.<\/p>\n","protected":false},"excerpt":{"rendered":"<p>Impresora Multifuncional A3 a Colores para grupos de trabajo de 10 a 80 personas<br \/>\nPrecio referencial en d\u00f3lares: USD 11,438<\/p>\n","protected":false},"featured_media":30594,"template":"","meta":[],"product_brand":[215],"product_cat":[225],"product_tag":[105],"class_list":{"0":"post-30590","1":"product","2":"type-product","3":"status-publish","4":"has-post-thumbnail","6":"product_brand-epson","7":"product_cat-a3","8":"product_tag-oficina-color-a3-economico","10":"first","11":"outofstock","12":"taxable","13":"shipping-taxable","14":"purchasable","15":"product-type-simple"},"_links":{"self":[{"href":"https:\/\/printware.com.pe\/tienda\/wp-json\/wp\/v2\/product\/30590","targetHints":{"allow":["GET"]}}],"collection":[{"href":"https:\/\/printware.com.pe\/tienda\/wp-json\/wp\/v2\/product"}],"about":[{"href":"https:\/\/printware.com.pe\/tienda\/wp-json\/wp\/v2\/types\/product"}],"version-history":[{"count":3,"href":"https:\/\/printware.com.pe\/tienda\/wp-json\/wp\/v2\/product\/30590\/revisions"}],"predecessor-version":[{"id":30596,"href":"https:\/\/printware.com.pe\/tienda\/wp-json\/wp\/v2\/product\/30590\/revisions\/30596"}],"wp:featuredmedia":[{"embeddable":true,"href":"https:\/\/printware.com.pe\/tienda\/wp-json\/wp\/v2\/media\/30594"}],"wp:attachment":[{"href":"https:\/\/printware.com.pe\/tienda\/wp-json\/wp\/v2\/media?parent=30590"}],"wp:term":[{"taxonomy":"product_brand","embeddable":true,"href":"https:\/\/printware.com.pe\/tienda\/wp-json\/wp\/v2\/product_brand?post=30590"},{"taxonomy":"product_cat","embeddable":true,"href":"https:\/\/printware.com.pe\/tienda\/wp-json\/wp\/v2\/product_cat?post=30590"},{"taxonomy":"product_tag","embeddable":true,"href":"https:\/\/printware.com.pe\/tienda\/wp-json\/wp\/v2\/product_tag?post=30590"}],"curies":[{"name":"wp","href":"https:\/\/api.w.org\/{rel}","templated":true}]}}